{"id":146,"date":"2016-09-23T06:32:28","date_gmt":"2016-09-23T06:32:28","guid":{"rendered":"http:\/\/torrebonavista.com\/?page_id=146"},"modified":"2018-12-21T08:58:18","modified_gmt":"2018-12-21T08:58:18","slug":"la-torre","status":"publish","type":"page","link":"https:\/\/torrebonavista.com\/en\/la-torre\/","title":{"rendered":"The House"},"content":{"rendered":"<section class=\"l-section wpb_row height_medium width_full color_secondary\"><div class=\"l-section-h i-cf\"><div class=\"g-cols vc_row via_flex valign_top type_default stacking_default\"><div class=\"vc_col-sm-12 wpb_column vc_column_container\"><div class=\"vc_column-inner\"><div class=\"wpb_wrapper\"><div class=\"wpb_text_column\"><div class=\"wpb_wrapper\"><h2 style=\"text-align: center;\">The\u00a0House<\/h2>\n<\/div><\/div><\/div><\/div><\/div><\/div><\/div><\/section><!-- Row Backgrounds --><div class=\"upb_bg_img\" data-ultimate-bg=\"url(https:\/\/torrebonavista.com\/wp-content\/uploads\/2016\/07\/IMG_1058bis.jpg)\" data-image-id=\"id^214|url^http:\/\/torrebonavista.com\/wp-content\/uploads\/2016\/07\/IMG_1058bis.jpg|caption^null|alt^null|title^img_1058bis|description^null\" data-ultimate-bg-style=\"vcpb-vz-jquery\" data-bg-img-repeat=\"no-repeat\" data-bg-img-size=\"cover\" data-bg-img-position=\"\" data-parallx_sense=\"30\" data-bg-override=\"0\" data-bg_img_attach=\"fixed\" data-upb-overlay-color=\"rgba(170,170,170,0.2)\" data-upb-bg-animation=\"\" data-fadeout=\"\" data-bg-animation=\"left-animation\" data-bg-animation-type=\"h\" data-animation-repeat=\"repeat\" data-fadeout-percentage=\"30\" data-parallax-content=\"\" data-parallax-content-sense=\"30\" data-row-effect-mobile-disable=\"true\" data-img-parallax-mobile-disable=\"true\" data-rtl=\"false\"  data-custom-vc-row=\"\"  data-vc=\"7.8\"  data-is_old_vc=\"\"  data-theme-support=\"\"   data-overlay=\"true\" data-overlay-color=\"rgba(170,170,170,0.2)\" data-overlay-pattern=\"https:\/\/torrebonavista.com\/wp-content\/plugins\/Ultimate_VC_Addons\/assets\/images\/patterns\/09.png\" data-overlay-pattern-opacity=\"0.8\" data-overlay-pattern-size=\"\" data-overlay-pattern-attachment=\"scroll\"    ><\/div><section class=\"l-section wpb_row height_small\"><div class=\"l-section-h i-cf\"><div class=\"g-cols vc_row via_flex valign_top type_default stacking_default\"><div class=\"vc_col-sm-6 wpb_column vc_column_container\"><div class=\"vc_column-inner\"><div class=\"wpb_wrapper\"><div class=\"w-slider style_none fit_cover\"><div class=\"w-slider-h\"><div class=\"royalSlider\"><div class=\"rsContent\"><a class=\"rsImg\" data-rsw=\"600\" data-rsh=\"400\" href=\"https:\/\/torrebonavista.com\/wp-content\/uploads\/2018\/12\/n\u00ba-3-600x400.jpg\"><span data-alt=\"\"><\/span><\/a><\/div><\/div><img decoding=\"async\" src=\"https:\/\/torrebonavista.com\/wp-content\/uploads\/2018\/12\/n\u00ba-3-600x400.jpg\" width=\"600\" height=\"400\" alt loading=\"lazy\"><\/div><div class=\"w-slider-json\" onclick='return {&quot;autoScaleSlider&quot;:true,&quot;loop&quot;:true,&quot;fadeInLoadedSlide&quot;:false,&quot;slidesSpacing&quot;:0,&quot;imageScalePadding&quot;:0,&quot;numImagesToPreload&quot;:2,&quot;arrowsNav&quot;:false,&quot;arrowsNavAutoHide&quot;:false,&quot;transitionType&quot;:&quot;fade&quot;,&quot;transitionSpeed&quot;:250,&quot;block&quot;:{&quot;moveEffect&quot;:&quot;none&quot;,&quot;speed&quot;:300},&quot;thumbs&quot;:{&quot;fitInViewport&quot;:false},&quot;controlNavigation&quot;:&quot;none&quot;,&quot;autoplay&quot;:{&quot;enabled&quot;:true,&quot;pauseOnHover&quot;:true,&quot;delay&quot;:2500},&quot;imageScaleMode&quot;:&quot;fill&quot;,&quot;autoScaleSliderWidth&quot;:600,&quot;autoScaleSliderHeight&quot;:400}'><\/div><\/div><\/div><\/div><\/div><div class=\"vc_col-sm-6 wpb_column vc_column_container\"><div class=\"vc_column-inner\"><div class=\"wpb_wrapper\"><div class=\"wpb_text_column\"><div class=\"wpb_wrapper\"><p><strong>Torre Bona Vista<\/strong> is located in one of the most beautiful places in the <strong>Vall\u00e8s Oriental<\/strong>, near the <strong>Natural Park of Montseny<\/strong>.<\/p>\n<p>It is located in a <strong>rural area<\/strong> of <strong>Lli\u00e7\u00e0 d&#8217;Amunt<\/strong>, near <strong>Granollers<\/strong> and <strong>Barcelona<\/strong>, at a short walk from various <strong>tourist activities<\/strong>. A lovely place ideal for enjoying a few days off, but it also serves as a point of departure and arrival of the various activities that can be done in the area.<\/p>\n<\/div><\/div><\/div><\/div><\/div><\/div><\/div><\/section><section class=\"l-section wpb_row height_small\"><div class=\"l-section-h i-cf\"><div class=\"g-cols vc_row via_flex valign_top type_default stacking_default\"><div class=\"vc_col-sm-12 wpb_column vc_column_container\"><div class=\"vc_column-inner\"><div class=\"wpb_wrapper\"><div class=\"wpb_text_column\"><div class=\"wpb_wrapper\"><div class=\"flex_column av_one_full flex_column_div first avia-builder-el-4 el_after_av_one_full el_before_av_two_third column-top-margin\">\n<section class=\"av_textblock_section\">\n<div class=\"avia_textblock \">\n<p><strong>Torre Bona Vista<\/strong> is a family house\u00a0with a <strong>capacity for 10 people<\/strong> distributed <strong>over 2 floors:<\/strong><\/p>\n<\/div>\n<\/section>\n<\/div>\n<\/div><\/div><\/div><\/div><\/div><\/div><\/div><\/section><section class=\"l-section wpb_row height_small\"><div class=\"l-section-h i-cf\"><div class=\"g-cols vc_row via_flex valign_top type_default stacking_default\"><div class=\"vc_col-sm-6 wpb_column vc_column_container\"><div class=\"vc_column-inner\"><div class=\"wpb_wrapper\"><div class=\"wpb_text_column\"><div class=\"wpb_wrapper\"><h4>Ground floor with dining room and living room with TV, kitchen, double bedroom and bathroom:<\/h4>\n<ul>\n<li>Dining and living room with a large sofa, TV, fireplace, heating and garden views.<\/li>\n<li>A spacious kitchen with dining area and fully equipped with utensils and appliances (stove, refrigerator, microwave, dishwasher, cookware, dishes, cutlery, etc.).<\/li>\n<li>The Palms Room with trundle bed for 2 people.<\/li>\n<li>A bathroom with shower.<\/li>\n<\/ul>\n<\/div><\/div><div class=\"w-separator size_medium\"><\/div><div class=\"wpb_text_column\"><div class=\"wpb_wrapper\"><h4>Upper floor with 3 double bedrooms, bathroom and terrace:<\/h4>\n<ul>\n<li>The\u00a0Orange Room with 2 bunk single beds of 90 cm.<\/li>\n<li>The Clouds Room with double bed of 150 cm.<\/li>\n<li>The Mirrors Room with double bed of 150 cm.<\/li>\n<li>A bathroom with tub.<\/li>\n<li>Large terrace with views.<\/li>\n<\/ul>\n<\/div><\/div><\/div><\/div><\/div><div class=\"vc_col-sm-6 wpb_column vc_column_container\"><div class=\"vc_column-inner\"><div class=\"wpb_wrapper\"><div class=\"w-slider style_none fit_cover\"><div class=\"w-slider-h\"><div class=\"royalSlider\"><div class=\"rsContent\"><a class=\"rsImg\" data-rsw=\"600\" data-rsh=\"600\" href=\"https:\/\/torrebonavista.com\/wp-content\/uploads\/2016\/09\/DSC_0060-600x600.jpg\"><span data-alt=\"\"><\/span><\/a><\/div><div class=\"rsContent\"><a class=\"rsImg\" data-rsw=\"600\" data-rsh=\"600\" href=\"https:\/\/torrebonavista.com\/wp-content\/uploads\/2016\/09\/DSC_0061-600x600.jpg\"><span data-alt=\"\"><\/span><\/a><\/div><div class=\"rsContent\"><a class=\"rsImg\" data-rsw=\"600\" data-rsh=\"600\" href=\"https:\/\/torrebonavista.com\/wp-content\/uploads\/2016\/09\/DSC_0062-600x600.jpg\"><span data-alt=\"\"><\/span><\/a><\/div><div class=\"rsContent\"><a class=\"rsImg\" data-rsw=\"600\" data-rsh=\"600\" href=\"https:\/\/torrebonavista.com\/wp-content\/uploads\/2016\/09\/DSC_0063-600x600.jpg\"><span data-alt=\"\"><\/span><\/a><\/div><div class=\"rsContent\"><a class=\"rsImg\" data-rsw=\"600\" data-rsh=\"600\" href=\"https:\/\/torrebonavista.com\/wp-content\/uploads\/2016\/09\/DSC_0064-600x600.jpg\"><span data-alt=\"\"><\/span><\/a><\/div><div class=\"rsContent\"><a class=\"rsImg\" data-rsw=\"600\" data-rsh=\"600\" href=\"https:\/\/torrebonavista.com\/wp-content\/uploads\/2016\/09\/DSC_0065-600x600.jpg\"><span data-alt=\"\"><\/span><\/a><\/div><div class=\"rsContent\"><a class=\"rsImg\" data-rsw=\"600\" data-rsh=\"600\" href=\"https:\/\/torrebonavista.com\/wp-content\/uploads\/2016\/09\/DSC_0066-600x600.jpg\"><span data-alt=\"\"><\/span><\/a><\/div><div class=\"rsContent\"><a class=\"rsImg\" data-rsw=\"600\" data-rsh=\"600\" href=\"https:\/\/torrebonavista.com\/wp-content\/uploads\/2016\/09\/DSC_0067-600x600.jpg\"><span data-alt=\"\"><\/span><\/a><\/div><div class=\"rsContent\"><a class=\"rsImg\" data-rsw=\"600\" data-rsh=\"600\" href=\"https:\/\/torrebonavista.com\/wp-content\/uploads\/2016\/09\/DSC_0068-e1474909862329-600x600.jpg\"><span data-alt=\"\"><\/span><\/a><\/div><div class=\"rsContent\"><a class=\"rsImg\" data-rsw=\"600\" data-rsh=\"600\" href=\"https:\/\/torrebonavista.com\/wp-content\/uploads\/2016\/07\/DSC_0057bis-600x600.jpg\"><span data-alt=\"\"><\/span><\/a><\/div><div class=\"rsContent\"><a class=\"rsImg\" data-rsw=\"600\" data-rsh=\"600\" href=\"https:\/\/torrebonavista.com\/wp-content\/uploads\/2016\/07\/DSC_0071bis-600x600.jpg\"><span data-alt=\"\"><\/span><\/a><\/div><div class=\"rsContent\"><a class=\"rsImg\" data-rsw=\"600\" data-rsh=\"600\" href=\"https:\/\/torrebonavista.com\/wp-content\/uploads\/2016\/07\/DSC_0050bis-600x600.jpg\"><span data-alt=\"\"><\/span><\/a><\/div><div class=\"rsContent\"><a class=\"rsImg\" data-rsw=\"600\" data-rsh=\"600\" href=\"https:\/\/torrebonavista.com\/wp-content\/uploads\/2016\/07\/DSC_0047bis-600x600.jpg\"><span data-alt=\"\"><\/span><\/a><\/div><div class=\"rsContent\"><a class=\"rsImg\" data-rsw=\"600\" data-rsh=\"600\" href=\"https:\/\/torrebonavista.com\/wp-content\/uploads\/2018\/12\/n\u00ba-30-600x600.jpg\"><span data-alt=\"\"><\/span><\/a><\/div><div class=\"rsContent\"><a class=\"rsImg\" data-rsw=\"600\" data-rsh=\"600\" href=\"https:\/\/torrebonavista.com\/wp-content\/uploads\/2016\/07\/DSC_0038bis-600x600.jpg\"><span data-alt=\"\"><\/span><\/a><\/div><div class=\"rsContent\"><a class=\"rsImg\" data-rsw=\"600\" data-rsh=\"600\" href=\"https:\/\/torrebonavista.com\/wp-content\/uploads\/2018\/12\/n\u00ba-8-600x600.jpg\"><span data-alt=\"\"><\/span><\/a><\/div><div class=\"rsContent\"><a class=\"rsImg\" data-rsw=\"600\" data-rsh=\"600\" href=\"https:\/\/torrebonavista.com\/wp-content\/uploads\/2018\/12\/n\u00ba-9-600x600.jpg\"><span data-alt=\"\"><\/span><\/a><\/div><div class=\"rsContent\"><a class=\"rsImg\" data-rsw=\"600\" data-rsh=\"600\" href=\"https:\/\/torrebonavista.com\/wp-content\/uploads\/2018\/12\/n\u00ba-13-600x600.jpg\"><span data-alt=\"\"><\/span><\/a><\/div><div class=\"rsContent\"><a class=\"rsImg\" data-rsw=\"600\" data-rsh=\"600\" href=\"https:\/\/torrebonavista.com\/wp-content\/uploads\/2018\/12\/n\u00ba-14-600x600.jpg\"><span data-alt=\"\"><\/span><\/a><\/div><\/div><img decoding=\"async\" src=\"https:\/\/torrebonavista.com\/wp-content\/uploads\/2016\/09\/DSC_0060-600x600.jpg\" width=\"600\" height=\"600\" alt loading=\"lazy\"><\/div><div class=\"w-slider-json\" onclick='return {&quot;autoScaleSlider&quot;:true,&quot;loop&quot;:true,&quot;fadeInLoadedSlide&quot;:false,&quot;slidesSpacing&quot;:0,&quot;imageScalePadding&quot;:0,&quot;numImagesToPreload&quot;:2,&quot;arrowsNav&quot;:false,&quot;arrowsNavAutoHide&quot;:false,&quot;transitionType&quot;:&quot;fade&quot;,&quot;transitionSpeed&quot;:250,&quot;block&quot;:{&quot;moveEffect&quot;:&quot;none&quot;,&quot;speed&quot;:300},&quot;thumbs&quot;:{&quot;fitInViewport&quot;:false},&quot;controlNavigation&quot;:&quot;none&quot;,&quot;autoplay&quot;:{&quot;enabled&quot;:true,&quot;pauseOnHover&quot;:true,&quot;delay&quot;:2500},&quot;imageScaleMode&quot;:&quot;fill&quot;,&quot;autoScaleSliderWidth&quot;:600,&quot;autoScaleSliderHeight&quot;:600}'><\/div><\/div><\/div><\/div><\/div><\/div><\/div><\/section><section class=\"l-section wpb_row height_small\"><div class=\"l-section-h i-cf\"><div class=\"g-cols vc_row via_flex valign_top type_default stacking_default\"><div class=\"vc_col-sm-6 wpb_column vc_column_container\"><div class=\"vc_column-inner\"><div class=\"wpb_wrapper\"><div class=\"wpb_text_column\"><div class=\"wpb_wrapper\"><h4>Exterior with garden, barbecue, pool, covered porch and parking:<\/h4>\n<ul>\n<li>Pool with solarium area.<\/li>\n<li>Private recreational space outside with garden and trees, barbecue, table, chairs and covered porch, where you can enjoy the privacy of the garden of the house while eating outdoors.<\/li>\n<li>Private outdoor parking.<\/li>\n<\/ul>\n<\/div><\/div><div class=\"w-separator size_medium\"><\/div><div class=\"wpb_text_column\"><div class=\"wpb_wrapper\"><p><strong>Torre Bona Vista<\/strong> is heated on both floors and hot water and all the utensils needed to enjoy you stay.<\/p>\n<h4>Full rental accommodation available throughout the year<\/h4>\n<ul>\n<li><strong>Torre Bona Vista<\/strong> is a <strong>country holiday house\u00a0of Vall\u00e8s Oriental, near to Barcelona<\/strong>\u00a0and it is available for rental throughout the year.<\/li>\n<\/ul>\n<\/div><\/div><\/div><\/div><\/div><div class=\"vc_col-sm-6 wpb_column vc_column_container\"><div class=\"vc_column-inner\"><div class=\"wpb_wrapper\"><div class=\"w-slider style_none fit_cover\"><div class=\"w-slider-h\"><div class=\"royalSlider\"><div class=\"rsContent\"><a class=\"rsImg\" data-rsw=\"600\" data-rsh=\"600\" href=\"https:\/\/torrebonavista.com\/wp-content\/uploads\/2016\/07\/IMG_1058-600x600.jpg\"><span data-alt=\"\"><\/span><\/a><\/div><div class=\"rsContent\"><a class=\"rsImg\" data-rsw=\"600\" data-rsh=\"600\" href=\"https:\/\/torrebonavista.com\/wp-content\/uploads\/2016\/09\/piscina-600x600.jpg\"><span data-alt=\"\"><\/span><\/a><\/div><div class=\"rsContent\"><a class=\"rsImg\" data-rsw=\"600\" data-rsh=\"600\" href=\"https:\/\/torrebonavista.com\/wp-content\/uploads\/2016\/07\/IMG_2198-600x600.jpg\"><span data-alt=\"\"><\/span><\/a><\/div><div class=\"rsContent\"><a class=\"rsImg\" data-rsw=\"600\" data-rsh=\"600\" href=\"https:\/\/torrebonavista.com\/wp-content\/uploads\/2016\/07\/IMG_1051-600x600.jpg\"><span data-alt=\"\"><\/span><\/a><\/div><div class=\"rsContent\"><a class=\"rsImg\" data-rsw=\"600\" data-rsh=\"600\" href=\"https:\/\/torrebonavista.com\/wp-content\/uploads\/2016\/07\/IMG_2199-600x600.jpg\"><span data-alt=\"\"><\/span><\/a><\/div><div class=\"rsContent\"><a class=\"rsImg\" data-rsw=\"600\" data-rsh=\"600\" href=\"https:\/\/torrebonavista.com\/wp-content\/uploads\/2016\/09\/DSC_0073-600x600.jpg\"><span data-alt=\"\"><\/span><\/a><\/div><div class=\"rsContent\"><a class=\"rsImg\" data-rsw=\"600\" data-rsh=\"480\" href=\"https:\/\/torrebonavista.com\/wp-content\/uploads\/2016\/07\/20121209_141148-600x480.jpg\"><span data-alt=\"\"><\/span><\/a><\/div><div class=\"rsContent\"><a class=\"rsImg\" data-rsw=\"600\" data-rsh=\"600\" href=\"https:\/\/torrebonavista.com\/wp-content\/uploads\/2016\/09\/IMG_0428-600x600.jpg\"><span data-alt=\"\"><\/span><\/a><\/div><div class=\"rsContent\"><a class=\"rsImg\" data-rsw=\"600\" data-rsh=\"600\" href=\"https:\/\/torrebonavista.com\/wp-content\/uploads\/2017\/07\/barbacoa-e1501505066490-600x600.jpg\"><span data-alt=\"\"><\/span><\/a><\/div><div class=\"rsContent\"><a class=\"rsImg\" data-rsw=\"600\" data-rsh=\"480\" href=\"https:\/\/torrebonavista.com\/wp-content\/uploads\/2016\/09\/CIMG0071-600x480.jpg\"><span data-alt=\"\"><\/span><\/a><\/div><div class=\"rsContent\"><a class=\"rsImg\" data-rsw=\"600\" data-rsh=\"480\" href=\"https:\/\/torrebonavista.com\/wp-content\/uploads\/2016\/09\/CIMG1567-600x480.jpg\"><span data-alt=\"\"><\/span><\/a><\/div><div class=\"rsContent\"><a class=\"rsImg\" data-rsw=\"600\" data-rsh=\"600\" href=\"https:\/\/torrebonavista.com\/wp-content\/uploads\/2016\/09\/IMG_0423-e1474910214327-600x600.jpg\"><span data-alt=\"\"><\/span><\/a><\/div><div class=\"rsContent\"><a class=\"rsImg\" data-rsw=\"600\" data-rsh=\"600\" href=\"https:\/\/torrebonavista.com\/wp-content\/uploads\/2016\/09\/DSC_0074-600x600.jpg\"><span data-alt=\"\"><\/span><\/a><\/div><div class=\"rsContent\"><a class=\"rsImg\" data-rsw=\"600\" data-rsh=\"600\" href=\"https:\/\/torrebonavista.com\/wp-content\/uploads\/2016\/09\/IMG_1059-600x600.jpg\"><span data-alt=\"\"><\/span><\/a><\/div><div class=\"rsContent\"><a class=\"rsImg\" data-rsw=\"600\" data-rsh=\"600\" href=\"https:\/\/torrebonavista.com\/wp-content\/uploads\/2016\/09\/IMG_1099-600x600.jpg\"><span data-alt=\"\"><\/span><\/a><\/div><div class=\"rsContent\"><a class=\"rsImg\" data-rsw=\"600\" data-rsh=\"600\" href=\"https:\/\/torrebonavista.com\/wp-content\/uploads\/2016\/07\/IMG_1062-600x600.jpg\"><span data-alt=\"\"><\/span><\/a><\/div><\/div><img decoding=\"async\" src=\"https:\/\/torrebonavista.com\/wp-content\/uploads\/2016\/07\/IMG_1058-600x600.jpg\" width=\"600\" height=\"600\" alt loading=\"lazy\"><\/div><div class=\"w-slider-json\" onclick='return {&quot;autoScaleSlider&quot;:true,&quot;loop&quot;:true,&quot;fadeInLoadedSlide&quot;:false,&quot;slidesSpacing&quot;:0,&quot;imageScalePadding&quot;:0,&quot;numImagesToPreload&quot;:2,&quot;arrowsNav&quot;:false,&quot;arrowsNavAutoHide&quot;:false,&quot;transitionType&quot;:&quot;fade&quot;,&quot;transitionSpeed&quot;:250,&quot;block&quot;:{&quot;moveEffect&quot;:&quot;none&quot;,&quot;speed&quot;:300},&quot;thumbs&quot;:{&quot;fitInViewport&quot;:false},&quot;controlNavigation&quot;:&quot;none&quot;,&quot;autoplay&quot;:{&quot;enabled&quot;:true,&quot;pauseOnHover&quot;:true,&quot;delay&quot;:2500},&quot;imageScaleMode&quot;:&quot;fill&quot;,&quot;autoScaleSliderWidth&quot;:600,&quot;autoScaleSliderHeight&quot;:600}'><\/div><\/div><\/div><\/div><\/div><\/div><\/div><\/section>","protected":false},"excerpt":{"rendered":"The\u00a0House Torre Bona Vista is located in one of the most beautiful places in the Vall\u00e8s Oriental, near the Natural Park of Montseny. It is located in a rural area of Lli\u00e7\u00e0 d&#8217;Amunt, near Granollers and Barcelona, at a short walk from various tourist activities. A lovely place ideal for enjoying a few days off,...","protected":false},"author":4,"featured_media":0,"parent":0,"menu_order":2,"comment_status":"closed","ping_status":"closed","template":"","meta":{"footnotes":""},"class_list":["post-146","page","type-page","status-publish","hentry"],"yoast_head":"<!-- This site is optimized with the Yoast SEO plugin v27.4 - https:\/\/yoast.com\/product\/yoast-seo-wordpress\/ -->\n<title>The House | Torre Bona Vista | Rural tourism near Barcelona<\/title>\n<meta name=\"robots\" content=\"index, follow, max-snippet:-1, max-image-preview:large, max-video-preview:-1\" \/>\n<link rel=\"canonical\" href=\"https:\/\/torrebonavista.com\/en\/la-torre\/\" \/>\n<meta property=\"og:locale\" content=\"en_US\" \/>\n<meta property=\"og:type\" content=\"article\" \/>\n<meta property=\"og:title\" content=\"The House | Torre Bona Vista | Rural tourism near Barcelona\" \/>\n<meta property=\"og:url\" content=\"https:\/\/torrebonavista.com\/en\/la-torre\/\" \/>\n<meta property=\"og:site_name\" content=\"Torre Bona Vista\" \/>\n<meta property=\"article:publisher\" content=\"https:\/\/www.facebook.com\/Torrebonavista\/\" \/>\n<meta property=\"article:modified_time\" content=\"2018-12-21T08:58:18+00:00\" \/>\n<meta property=\"og:image\" content=\"https:\/\/torrebonavista.com\/wp-content\/uploads\/2016\/07\/logo_TorreBonaVista_negre.png\" \/>\n\t<meta property=\"og:image:width\" content=\"1000\" \/>\n\t<meta property=\"og:image:height\" content=\"223\" \/>\n\t<meta property=\"og:image:type\" content=\"image\/png\" \/>\n<meta name=\"twitter:card\" content=\"summary_large_image\" \/>\n<meta name=\"twitter:label1\" content=\"Est. reading time\" \/>\n\t<meta name=\"twitter:data1\" content=\"8 minutes\" \/>\n<script type=\"application\/ld+json\" class=\"yoast-schema-graph\">{\"@context\":\"https:\\\/\\\/schema.org\",\"@graph\":[{\"@type\":\"WebPage\",\"@id\":\"https:\\\/\\\/torrebonavista.com\\\/en\\\/la-torre\\\/\",\"url\":\"https:\\\/\\\/torrebonavista.com\\\/en\\\/la-torre\\\/\",\"name\":\"The House | Torre Bona Vista | Rural tourism near Barcelona\",\"isPartOf\":{\"@id\":\"https:\\\/\\\/torrebonavista.com\\\/en\\\/#website\"},\"datePublished\":\"2016-09-23T06:32:28+00:00\",\"dateModified\":\"2018-12-21T08:58:18+00:00\",\"breadcrumb\":{\"@id\":\"https:\\\/\\\/torrebonavista.com\\\/en\\\/la-torre\\\/#breadcrumb\"},\"inLanguage\":\"en-US\",\"potentialAction\":[{\"@type\":\"ReadAction\",\"target\":[[\"https:\\\/\\\/torrebonavista.com\\\/en\\\/la-torre\\\/\"]]}]},{\"@type\":\"BreadcrumbList\",\"@id\":\"https:\\\/\\\/torrebonavista.com\\\/en\\\/la-torre\\\/#breadcrumb\",\"itemListElement\":[{\"@type\":\"ListItem\",\"position\":1,\"name\":\"Portada\",\"item\":\"https:\\\/\\\/torrebonavista.com\\\/en\\\/\"},{\"@type\":\"ListItem\",\"position\":2,\"name\":\"La Torre\"}]},{\"@type\":\"WebSite\",\"@id\":\"https:\\\/\\\/torrebonavista.com\\\/en\\\/#website\",\"url\":\"https:\\\/\\\/torrebonavista.com\\\/en\\\/\",\"name\":\"Torre Bona Vista\",\"description\":\"Rural tourism near Barcelona\",\"publisher\":{\"@id\":\"https:\\\/\\\/torrebonavista.com\\\/en\\\/#organization\"},\"alternateName\":\"Torre Bona Vista\",\"potentialAction\":[{\"@type\":\"SearchAction\",\"target\":{\"@type\":\"EntryPoint\",\"urlTemplate\":\"https:\\\/\\\/torrebonavista.com\\\/en\\\/?s={search_term_string}\"},\"query-input\":{\"@type\":\"PropertyValueSpecification\",\"valueRequired\":true,\"valueName\":\"search_term_string\"}}],\"inLanguage\":\"en-US\"},{\"@type\":\"Organization\",\"@id\":\"https:\\\/\\\/torrebonavista.com\\\/en\\\/#organization\",\"name\":\"Torre Bona Vista\",\"alternateName\":\"Torre Bona Vista\",\"url\":\"https:\\\/\\\/torrebonavista.com\\\/en\\\/\",\"logo\":{\"@type\":\"ImageObject\",\"inLanguage\":\"en-US\",\"@id\":\"https:\\\/\\\/torrebonavista.com\\\/en\\\/#\\\/schema\\\/logo\\\/image\\\/\",\"url\":\"http:\\\/\\\/torrebonavista.com\\\/wp-content\\\/uploads\\\/2016\\\/07\\\/favicon.png\",\"contentUrl\":\"http:\\\/\\\/torrebonavista.com\\\/wp-content\\\/uploads\\\/2016\\\/07\\\/favicon.png\",\"width\":180,\"height\":180,\"caption\":\"Torre Bona Vista\"},\"image\":{\"@id\":\"https:\\\/\\\/torrebonavista.com\\\/en\\\/#\\\/schema\\\/logo\\\/image\\\/\"},\"sameAs\":[\"https:\\\/\\\/www.facebook.com\\\/Torrebonavista\\\/\",\"https:\\\/\\\/www.instagram.com\\\/torre_bona_vista\"]}]}<\/script>\n<!-- \/ Yoast SEO plugin. -->","yoast_head_json":{"title":"The House | Torre Bona Vista | Rural tourism near Barcelona","robots":{"index":"index","follow":"follow","max-snippet":"max-snippet:-1","max-image-preview":"max-image-preview:large","max-video-preview":"max-video-preview:-1"},"canonical":"https:\/\/torrebonavista.com\/en\/la-torre\/","og_locale":"en_US","og_type":"article","og_title":"The House | Torre Bona Vista | Rural tourism near Barcelona","og_url":"https:\/\/torrebonavista.com\/en\/la-torre\/","og_site_name":"Torre Bona Vista","article_publisher":"https:\/\/www.facebook.com\/Torrebonavista\/","article_modified_time":"2018-12-21T08:58:18+00:00","og_image":[{"width":1000,"height":223,"url":"https:\/\/torrebonavista.com\/wp-content\/uploads\/2016\/07\/logo_TorreBonaVista_negre.png","type":"image\/png"}],"twitter_card":"summary_large_image","twitter_misc":{"Est. reading time":"8 minutes"},"schema":{"@context":"https:\/\/schema.org","@graph":[{"@type":"WebPage","@id":"https:\/\/torrebonavista.com\/en\/la-torre\/","url":"https:\/\/torrebonavista.com\/en\/la-torre\/","name":"The House | Torre Bona Vista | Rural tourism near Barcelona","isPartOf":{"@id":"https:\/\/torrebonavista.com\/en\/#website"},"datePublished":"2016-09-23T06:32:28+00:00","dateModified":"2018-12-21T08:58:18+00:00","breadcrumb":{"@id":"https:\/\/torrebonavista.com\/en\/la-torre\/#breadcrumb"},"inLanguage":"en-US","potentialAction":[{"@type":"ReadAction","target":[["https:\/\/torrebonavista.com\/en\/la-torre\/"]]}]},{"@type":"BreadcrumbList","@id":"https:\/\/torrebonavista.com\/en\/la-torre\/#breadcrumb","itemListElement":[{"@type":"ListItem","position":1,"name":"Portada","item":"https:\/\/torrebonavista.com\/en\/"},{"@type":"ListItem","position":2,"name":"La Torre"}]},{"@type":"WebSite","@id":"https:\/\/torrebonavista.com\/en\/#website","url":"https:\/\/torrebonavista.com\/en\/","name":"Torre Bona Vista","description":"Rural tourism near Barcelona","publisher":{"@id":"https:\/\/torrebonavista.com\/en\/#organization"},"alternateName":"Torre Bona Vista","potentialAction":[{"@type":"SearchAction","target":{"@type":"EntryPoint","urlTemplate":"https:\/\/torrebonavista.com\/en\/?s={search_term_string}"},"query-input":{"@type":"PropertyValueSpecification","valueRequired":true,"valueName":"search_term_string"}}],"inLanguage":"en-US"},{"@type":"Organization","@id":"https:\/\/torrebonavista.com\/en\/#organization","name":"Torre Bona Vista","alternateName":"Torre Bona Vista","url":"https:\/\/torrebonavista.com\/en\/","logo":{"@type":"ImageObject","inLanguage":"en-US","@id":"https:\/\/torrebonavista.com\/en\/#\/schema\/logo\/image\/","url":"http:\/\/torrebonavista.com\/wp-content\/uploads\/2016\/07\/favicon.png","contentUrl":"http:\/\/torrebonavista.com\/wp-content\/uploads\/2016\/07\/favicon.png","width":180,"height":180,"caption":"Torre Bona Vista"},"image":{"@id":"https:\/\/torrebonavista.com\/en\/#\/schema\/logo\/image\/"},"sameAs":["https:\/\/www.facebook.com\/Torrebonavista\/","https:\/\/www.instagram.com\/torre_bona_vista"]}]}},"_links":{"self":[{"href":"https:\/\/torrebonavista.com\/en\/wp-json\/wp\/v2\/pages\/146","targetHints":{"allow":["GET"]}}],"collection":[{"href":"https:\/\/torrebonavista.com\/en\/wp-json\/wp\/v2\/pages"}],"about":[{"href":"https:\/\/torrebonavista.com\/en\/wp-json\/wp\/v2\/types\/page"}],"author":[{"embeddable":true,"href":"https:\/\/torrebonavista.com\/en\/wp-json\/wp\/v2\/users\/4"}],"replies":[{"embeddable":true,"href":"https:\/\/torrebonavista.com\/en\/wp-json\/wp\/v2\/comments?post=146"}],"version-history":[{"count":41,"href":"https:\/\/torrebonavista.com\/en\/wp-json\/wp\/v2\/pages\/146\/revisions"}],"predecessor-version":[{"id":531,"href":"https:\/\/torrebonavista.com\/en\/wp-json\/wp\/v2\/pages\/146\/revisions\/531"}],"wp:attachment":[{"href":"https:\/\/torrebonavista.com\/en\/wp-json\/wp\/v2\/media?parent=146"}],"curies":[{"name":"wp","href":"https:\/\/api.w.org\/{rel}","templated":true}]}}