{"id":160,"date":"2016-09-23T08:49:23","date_gmt":"2016-09-23T08:49:23","guid":{"rendered":"http:\/\/torrebonavista.com\/?page_id=160"},"modified":"2023-06-05T07:41:40","modified_gmt":"2023-06-05T07:41:40","slug":"turisme","status":"publish","type":"page","link":"https:\/\/torrebonavista.com\/ca\/turisme\/","title":{"rendered":"Turisme"},"content":{"rendered":"<section class=\"l-section wpb_row height_medium color_secondary\"><div class=\"l-section-h i-cf\"><div class=\"g-cols vc_row via_flex valign_top type_default stacking_default\"><div class=\"vc_col-sm-12 wpb_column vc_column_container\"><div class=\"vc_column-inner\"><div class=\"wpb_wrapper\"><div class=\"wpb_text_column\"><div class=\"wpb_wrapper\"><h2 style=\"text-align: center;\">Turisme<\/h2>\n<\/div><\/div><\/div><\/div><\/div><\/div><\/div><\/section><!-- Row Backgrounds --><div class=\"upb_bg_img\" data-ultimate-bg=\"url(https:\/\/torrebonavista.com\/wp-content\/uploads\/2016\/07\/IMG_1058bis.jpg)\" data-image-id=\"id^214|url^http:\/\/torrebonavista.com\/wp-content\/uploads\/2016\/07\/IMG_1058bis.jpg|caption^null|alt^null|title^img_1058bis|description^null\" data-ultimate-bg-style=\"vcpb-vz-jquery\" data-bg-img-repeat=\"no-repeat\" data-bg-img-size=\"cover\" data-bg-img-position=\"\" data-parallx_sense=\"30\" data-bg-override=\"0\" data-bg_img_attach=\"fixed\" data-upb-overlay-color=\"rgba(170,170,170,0.2)\" data-upb-bg-animation=\"\" data-fadeout=\"\" data-bg-animation=\"left-animation\" data-bg-animation-type=\"h\" data-animation-repeat=\"repeat\" data-fadeout-percentage=\"30\" data-parallax-content=\"\" data-parallax-content-sense=\"30\" data-row-effect-mobile-disable=\"true\" data-img-parallax-mobile-disable=\"true\" data-rtl=\"false\"  data-custom-vc-row=\"\"  data-vc=\"7.8\"  data-is_old_vc=\"\"  data-theme-support=\"\"   data-overlay=\"true\" data-overlay-color=\"rgba(170,170,170,0.2)\" data-overlay-pattern=\"https:\/\/torrebonavista.com\/wp-content\/plugins\/Ultimate_VC_Addons\/assets\/images\/patterns\/09.png\" data-overlay-pattern-opacity=\"0.8\" data-overlay-pattern-size=\"\" data-overlay-pattern-attachment=\"scroll\"    ><\/div><section class=\"l-section wpb_row height_small\"><div class=\"l-section-h i-cf\"><div class=\"g-cols vc_row via_flex valign_top type_default stacking_default\"><div class=\"vc_col-sm-9 wpb_column vc_column_container\"><div class=\"vc_column-inner\"><div class=\"wpb_wrapper\"><div class=\"wpb_text_column\"><div class=\"wpb_wrapper\"><h3>Activitats i entorn<\/h3>\n<p><strong>A 20 minuts de Barcelona i a 15 minuts del litoral del Maresme, la Torre Bona Vista\u00a0est\u00e0 situada en un entorn immillorable, completament\u00a0accesible i connectada amb transport p\u00fablic a tots els pobles del voltant i amb Barcelona.<\/strong><\/p>\n<p>Les poblacions ve\u00efnes de Sant Feliu de Codines,\u00a0l&#8217;Ametlla del Vall\u00e8s, La Garriga, Caldes de Montbui i Granollers ofereixen una variada oferta cultural i gastron\u00f2mica on podem visitar els seus edificis hist\u00f2rics i degustar els millors plats de la comarca.<\/p>\n<p>Als voltants trobem tot tipus d&#8217;activitats esportives: senderisme, btt, golf,\u00a0<wbr \/>passejades a cavall i classes d&#8217;equitaci\u00f3, etc. A 10 minuts tamb\u00e9 tenim el<b> Circuit de Barcelona-Catalunya <\/b>que disposa de m\u00faltiples activitats pels amants del motor i l&#8217;adrenalina.<\/p>\n<p>A 20 minuts de Barcelona i a 15\u00a0minuts del litoral del Maresme, \u00e9s un lloc ideal per a turistes que desitgen gaudir de les seves vacances en un espai acollidor i privat.<\/p>\n<\/div><\/div><\/div><\/div><\/div><div class=\"vc_col-sm-3 wpb_column vc_column_container\"><div class=\"vc_column-inner\"><div class=\"wpb_wrapper\"><div class=\"wpb_text_column\"><div class=\"wpb_wrapper\"><h2 style=\"text-align: left;\">El temps<\/h2>\n<\/div><\/div>[vc_raw_html]JTNDJTIxLS0lMjB3d3cuVHVUaWVtcG8ubmV0JTIwLSUyMEFuY2hvJTNBMjA5cHglMjAtJTIwQWx0byUzQTMyOXB4JTIwLS0lM0UlMEElM0NkaXYlMjBpZCUzRCUyMlRUX1J5cWdieFloWWFCTkJLS1VMQll6akREemoyblVMVVVGYmQxWUVzeW9xa2olMjIlM0UlM0MlMkZkaXYlM0UlMEElM0NzY3JpcHQlMjB0eXBlJTNEJTIydGV4dCUyRmphdmFzY3JpcHQlMjIlMjBzcmMlM0QlMjJodHRwJTNBJTJGJTJGd3d3LnR1dGllbXBvLm5ldCUyRndpZGdldCUyRmVsdGllbXBvX1J5cWdieFloWWFCTkJLS1VMQll6akREemoyblVMVVVGYmQxWUVzeW9xa2olMjIlM0UlM0MlMkZzY3JpcHQlM0UlMEE=[\/vc_raw_html]<\/div><\/div><\/div><\/div><\/div><\/section><section class=\"l-section wpb_row height_small\"><div class=\"l-section-h i-cf\"><div class=\"g-cols vc_row via_flex valign_top type_default stacking_default\"><div class=\"vc_col-sm-12 wpb_column vc_column_container\"><div class=\"vc_column-inner\"><div class=\"wpb_wrapper\"><div class=\"g-cols wpb_row via_flex valign_top type_default stacking_default\"><div class=\"vc_col-sm-12 wpb_column vc_column_container\"><div class=\"vc_column-inner\"><div class=\"wpb_wrapper\"><div class=\"wpb_text_column\"><div class=\"wpb_wrapper\"><h3>Activitats\u00a0destacades<\/h3>\n<\/div><\/div><div class=\"w-separator size_small\"><\/div><\/div><\/div><\/div><\/div><div class=\"g-cols wpb_row via_flex valign_top type_default stacking_default\"><div class=\"vc_col-sm-4 wpb_column vc_column_container\"><div class=\"vc_column-inner\"><div class=\"wpb_wrapper\"><div class=\"w-image align_center us_animate_fade\"><div class=\"w-image-h\"><img decoding=\"async\" width=\"400\" height=\"250\" src=\"https:\/\/torrebonavista.com\/wp-content\/uploads\/2016\/09\/roca_village.jpg\" class=\"attachment-full size-full\" alt=\"\" loading=\"lazy\" srcset=\"https:\/\/torrebonavista.com\/wp-content\/uploads\/2016\/09\/roca_village.jpg 400w, https:\/\/torrebonavista.com\/wp-content\/uploads\/2016\/09\/roca_village-300x188.jpg 300w\" sizes=\"auto, (max-width: 400px) 100vw, 400px\" \/><\/div><\/div><div class=\"wpb_text_column\"><div class=\"wpb_wrapper\"><h4>La Roca Village<\/h4>\n<p>Vine i ves de <em>shopping<\/em> al fam\u00f3s outlet La Roca Village de la Roca del Vall\u00e8s.<\/p>\n<\/div><\/div><div class=\"w-btn-wrapper align_none\"><a class=\"w-btn us-btn-style_3 us_custom_6f9c3709\" target=\" _blank\" rel=\"nofollow\" href=\"https:\/\/www.larocavillage.com\/ca\/home\"><span class=\"w-btn-label\">+ info<\/span><\/a><\/div><\/div><\/div><\/div><div class=\"vc_col-sm-4 wpb_column vc_column_container\"><div class=\"vc_column-inner\"><div class=\"wpb_wrapper\"><div class=\"w-image us_custom_a518f36e us_animate_this align_center\"><div class=\"w-image-h\"><img decoding=\"async\" width=\"400\" height=\"250\" src=\"https:\/\/torrebonavista.com\/wp-content\/uploads\/2023\/06\/pexels-chris-peeters-12795.jpg\" class=\"attachment-full size-full\" alt=\"\" loading=\"lazy\" srcset=\"https:\/\/torrebonavista.com\/wp-content\/uploads\/2023\/06\/pexels-chris-peeters-12795.jpg 400w, https:\/\/torrebonavista.com\/wp-content\/uploads\/2023\/06\/pexels-chris-peeters-12795-300x188.jpg 300w\" sizes=\"auto, (max-width: 400px) 100vw, 400px\" \/><\/div><\/div><div class=\"wpb_text_column\"><div class=\"wpb_wrapper\"><h4>Circuit de Barcelona-Catalunya<\/h4>\n<p>Vine i gaudeix del Gran Premi de Catalunya i d\u2019altres activitats que es fan al circuit.<\/p>\n<\/div><\/div><div class=\"w-btn-wrapper align_none\"><a class=\"w-btn us-btn-style_3 us_custom_6f9c3709\" target=\" _blank\" rel=\"nofollow\" href=\"http:\/\/www.circuitcat.com\/ca\/\"><span class=\"w-btn-label\">+ info<\/span><\/a><\/div><\/div><\/div><\/div><div class=\"vc_col-sm-4 wpb_column vc_column_container\"><div class=\"vc_column-inner\"><div class=\"wpb_wrapper\"><div class=\"w-image align_center us_animate_fade\"><div class=\"w-image-h\"><img decoding=\"async\" width=\"400\" height=\"250\" src=\"https:\/\/torrebonavista.com\/wp-content\/uploads\/2016\/09\/fcbarcelona.jpg\" class=\"attachment-full size-full\" alt=\"\" loading=\"lazy\" srcset=\"https:\/\/torrebonavista.com\/wp-content\/uploads\/2016\/09\/fcbarcelona.jpg 400w, https:\/\/torrebonavista.com\/wp-content\/uploads\/2016\/09\/fcbarcelona-300x188.jpg 300w\" sizes=\"auto, (max-width: 400px) 100vw, 400px\" \/><\/div><\/div><div class=\"wpb_text_column\"><div class=\"wpb_wrapper\"><h4>F.C. Barcelona<\/h4>\n<p>Visita l&#8217;Estadi del F.C. Barcelona o viu un partit de futbol a prop\u00a0dels teus \u00eddols.<\/p>\n<\/div><\/div><div class=\"w-btn-wrapper align_none\"><a class=\"w-btn us-btn-style_3 us_custom_6f9c3709\" target=\" _blank\" rel=\"nofollow\" href=\"https:\/\/www.fcbarcelona.cat\/\"><span class=\"w-btn-label\">+ info<\/span><\/a><\/div><\/div><\/div><\/div><\/div><div class=\"w-separator size_small\"><\/div><div class=\"g-cols wpb_row via_flex valign_top type_default stacking_default\"><div class=\"vc_col-sm-4 wpb_column vc_column_container\"><div class=\"vc_column-inner\"><div class=\"wpb_wrapper\"><div class=\"w-image align_center us_animate_fade\"><div class=\"w-image-h\"><img decoding=\"async\" width=\"400\" height=\"250\" src=\"https:\/\/torrebonavista.com\/wp-content\/uploads\/2016\/09\/santmiquelfai.jpg\" class=\"attachment-full size-full\" alt=\"\" loading=\"lazy\" srcset=\"https:\/\/torrebonavista.com\/wp-content\/uploads\/2016\/09\/santmiquelfai.jpg 400w, https:\/\/torrebonavista.com\/wp-content\/uploads\/2016\/09\/santmiquelfai-300x188.jpg 300w\" sizes=\"auto, (max-width: 400px) 100vw, 400px\" \/><\/div><\/div><div class=\"wpb_text_column\"><div class=\"wpb_wrapper\"><h4>Sant Miquel del Fai<\/h4>\n<p>Vine a veure un dels paratges naturals m\u00e9s espectaculars de Catalunya.<\/p>\n<\/div><\/div><div class=\"w-btn-wrapper align_none\"><a class=\"w-btn us-btn-style_3 us_custom_6f9c3709\" target=\" _blank\" rel=\"nofollow\" href=\"http:\/\/www.santmiqueldelfai.cat\/\"><span class=\"w-btn-label\">+ info<\/span><\/a><\/div><\/div><\/div><\/div><div class=\"vc_col-sm-4 wpb_column vc_column_container\"><div class=\"vc_column-inner\"><div class=\"wpb_wrapper\"><div class=\"w-image align_center us_animate_fade\"><div class=\"w-image-h\"><img decoding=\"async\" width=\"400\" height=\"250\" src=\"https:\/\/torrebonavista.com\/wp-content\/uploads\/2016\/09\/parc_natural_montseny.jpg\" class=\"attachment-full size-full\" alt=\"\" loading=\"lazy\" srcset=\"https:\/\/torrebonavista.com\/wp-content\/uploads\/2016\/09\/parc_natural_montseny.jpg 400w, https:\/\/torrebonavista.com\/wp-content\/uploads\/2016\/09\/parc_natural_montseny-300x188.jpg 300w\" sizes=\"auto, (max-width: 400px) 100vw, 400px\" \/><\/div><\/div><div class=\"wpb_text_column\"><div class=\"wpb_wrapper\"><h4>Parc Natural del Montseny<\/h4>\n<p>Vine a fer senderisme per un dels indrets m\u00e9s espectaculars de Catalunya.<\/p>\n<\/div><\/div><div class=\"w-btn-wrapper align_none\"><a class=\"w-btn us-btn-style_3 us_custom_6f9c3709\" target=\" _blank\" rel=\"nofollow\" href=\"http:\/\/www.turisme-montseny.com\/ca\"><span class=\"w-btn-label\">+ info<\/span><\/a><\/div><\/div><\/div><\/div><div class=\"vc_col-sm-4 wpb_column vc_column_container\"><div class=\"vc_column-inner\"><div class=\"wpb_wrapper\"><div class=\"w-image align_center us_animate_fade\"><div class=\"w-image-h\"><img decoding=\"async\" width=\"400\" height=\"250\" src=\"https:\/\/torrebonavista.com\/wp-content\/uploads\/2016\/09\/flors.jpg\" class=\"attachment-full size-full\" alt=\"\" loading=\"lazy\" srcset=\"https:\/\/torrebonavista.com\/wp-content\/uploads\/2016\/09\/flors.jpg 400w, https:\/\/torrebonavista.com\/wp-content\/uploads\/2016\/09\/flors-300x188.jpg 300w\" sizes=\"auto, (max-width: 400px) 100vw, 400px\" \/><\/div><\/div><div class=\"wpb_text_column\"><div class=\"wpb_wrapper\"><h4>Jardineria Vivers Ernest<\/h4>\n<p>Vine i viu la jardineria al centre de jardineria de Lli\u00e7\u00e0 d&#8217;Amunt.<\/p>\n<\/div><\/div><div class=\"w-btn-wrapper align_none\"><a class=\"w-btn us-btn-style_3 us_custom_6f9c3709\" target=\" _blank\" rel=\"nofollow\" href=\"http:\/\/www.viversernest.com\/\"><span class=\"w-btn-label\">+ info<\/span><\/a><\/div><\/div><\/div><\/div><\/div><div class=\"w-separator size_small\"><\/div><div class=\"g-cols wpb_row via_flex valign_top type_default stacking_default\"><div class=\"vc_col-sm-4 wpb_column vc_column_container\"><div class=\"vc_column-inner\"><div class=\"wpb_wrapper\"><div class=\"w-image align_center us_animate_fade\"><div class=\"w-image-h\"><img decoding=\"async\" width=\"400\" height=\"250\" src=\"https:\/\/torrebonavista.com\/wp-content\/uploads\/2016\/09\/equitacio2.jpg\" class=\"attachment-full size-full\" alt=\"\" loading=\"lazy\" srcset=\"https:\/\/torrebonavista.com\/wp-content\/uploads\/2016\/09\/equitacio2.jpg 400w, https:\/\/torrebonavista.com\/wp-content\/uploads\/2016\/09\/equitacio2-300x188.jpg 300w\" sizes=\"auto, (max-width: 400px) 100vw, 400px\" \/><\/div><\/div><div class=\"wpb_text_column\"><div class=\"wpb_wrapper\"><h4>Equitaci\u00f3 Can Jan\u00e1s<\/h4>\n<p>Vine i fes una excursi\u00f3 a cavall gaudint del paisatge del Vall\u00e8s.<\/p>\n<\/div><\/div><div class=\"w-btn-wrapper align_none\"><a class=\"w-btn us-btn-style_3 us_custom_6f9c3709\" target=\" _blank\" rel=\"nofollow\" href=\"http:\/\/equitacioncanjanas.es\/\"><span class=\"w-btn-label\">+ info<\/span><\/a><\/div><\/div><\/div><\/div><div class=\"vc_col-sm-4 wpb_column vc_column_container\"><div class=\"vc_column-inner\"><div class=\"wpb_wrapper\"><div class=\"w-image align_center us_animate_fade\"><div class=\"w-image-h\"><img decoding=\"async\" width=\"400\" height=\"250\" src=\"https:\/\/torrebonavista.com\/wp-content\/uploads\/2016\/09\/golf.jpg\" class=\"attachment-full size-full\" alt=\"\" loading=\"lazy\" srcset=\"https:\/\/torrebonavista.com\/wp-content\/uploads\/2016\/09\/golf.jpg 400w, https:\/\/torrebonavista.com\/wp-content\/uploads\/2016\/09\/golf-300x188.jpg 300w\" sizes=\"auto, (max-width: 400px) 100vw, 400px\" \/><\/div><\/div><div class=\"wpb_text_column\"><div class=\"wpb_wrapper\"><h4>Club de Golf de Caldes<\/h4>\n<p>Vine a jugar a golf a les millors instal\u00b7lacions del Vall\u00e8s.<\/p>\n<\/div><\/div><div class=\"w-btn-wrapper align_none\"><a class=\"w-btn us-btn-style_3 us_custom_6f9c3709\" target=\" _blank\" rel=\"nofollow\" href=\"http:\/\/www.golfdecaldes.com\/cat\/index.php\"><span class=\"w-btn-label\">+ info<\/span><\/a><\/div><\/div><\/div><\/div><div class=\"vc_col-sm-4 wpb_column vc_column_container\"><div class=\"vc_column-inner\"><div class=\"wpb_wrapper\"><div class=\"w-image align_center us_animate_fade\"><div class=\"w-image-h\"><img decoding=\"async\" width=\"400\" height=\"250\" src=\"https:\/\/torrebonavista.com\/wp-content\/uploads\/2016\/09\/tennis.jpg\" class=\"attachment-full size-full\" alt=\"\" loading=\"lazy\" srcset=\"https:\/\/torrebonavista.com\/wp-content\/uploads\/2016\/09\/tennis.jpg 400w, https:\/\/torrebonavista.com\/wp-content\/uploads\/2016\/09\/tennis-300x188.jpg 300w\" sizes=\"auto, (max-width: 400px) 100vw, 400px\" \/><\/div><\/div><div class=\"wpb_text_column\"><div class=\"wpb_wrapper\"><h4>C. E. Pineda de Castellet<\/h4>\n<p>Vine a fer esport a les instal\u00b7lacions esportives de Santa Eul\u00e0lia de Ron\u00e7ana.<\/p>\n<\/div><\/div><div class=\"w-btn-wrapper align_none\"><a class=\"w-btn us-btn-style_3 us_custom_6f9c3709\" target=\" _blank\" rel=\"nofollow\" href=\"http:\/\/www.ser.cat\/el-municipi\/guia-del-municipi\/equipaments\/pinedes-del-castellet\"><span class=\"w-btn-label\">+ info<\/span><\/a><\/div><\/div><\/div><\/div><\/div><div class=\"w-separator size_small\"><\/div><div class=\"g-cols wpb_row via_flex valign_top type_default stacking_default\"><div class=\"vc_col-sm-4 wpb_column vc_column_container\"><div class=\"vc_column-inner\"><div class=\"wpb_wrapper\"><div class=\"w-image align_center us_animate_fade\"><div class=\"w-image-h\"><img decoding=\"async\" width=\"400\" height=\"250\" src=\"https:\/\/torrebonavista.com\/wp-content\/uploads\/2016\/09\/restaurant1.jpg\" class=\"attachment-full size-full\" alt=\"\" loading=\"lazy\" srcset=\"https:\/\/torrebonavista.com\/wp-content\/uploads\/2016\/09\/restaurant1.jpg 400w, https:\/\/torrebonavista.com\/wp-content\/uploads\/2016\/09\/restaurant1-300x188.jpg 300w\" sizes=\"auto, (max-width: 400px) 100vw, 400px\" \/><\/div><\/div><div class=\"wpb_text_column\"><div class=\"wpb_wrapper\"><h4>Restaurant Can Traver<\/h4>\n<p>Vine idescobreix la gastronomia en un paratge espectacular a Bigues i Riells.<\/p>\n<\/div><\/div><div class=\"w-btn-wrapper align_none\"><a class=\"w-btn us-btn-style_3 us_custom_6f9c3709\" target=\" _blank\" rel=\"nofollow\" href=\"http:\/\/www.cantraver.es\/\"><span class=\"w-btn-label\">+ info<\/span><\/a><\/div><\/div><\/div><\/div><div class=\"vc_col-sm-4 wpb_column vc_column_container\"><div class=\"vc_column-inner\"><div class=\"wpb_wrapper\"><div class=\"w-image align_center us_animate_fade\"><div class=\"w-image-h\"><img decoding=\"async\" width=\"400\" height=\"250\" src=\"https:\/\/torrebonavista.com\/wp-content\/uploads\/2016\/09\/portal_vell.jpg\" class=\"attachment-full size-full\" alt=\"\" loading=\"lazy\" srcset=\"https:\/\/torrebonavista.com\/wp-content\/uploads\/2016\/09\/portal_vell.jpg 400w, https:\/\/torrebonavista.com\/wp-content\/uploads\/2016\/09\/portal_vell-300x188.jpg 300w\" sizes=\"auto, (max-width: 400px) 100vw, 400px\" \/><\/div><\/div><div class=\"wpb_text_column\"><div class=\"wpb_wrapper\"><h4>Restaurant El Portal Vell<\/h4>\n<p>Vine a gaudir de la gastronomia d&#8217;aquest restaurant de Lli\u00e7\u00e0 d&#8217;Amunt.<\/p>\n<\/div><\/div><div class=\"w-btn-wrapper align_none\"><a class=\"w-btn us-btn-style_3 us_custom_6f9c3709\" target=\" _blank\" rel=\"nofollow\" href=\"http:\/\/www.elportalvell.com\/\"><span class=\"w-btn-label\">+ info<\/span><\/a><\/div><\/div><\/div><\/div><div class=\"vc_col-sm-4 wpb_column vc_column_container\"><div class=\"vc_column-inner\"><div class=\"wpb_wrapper\"><div class=\"w-image align_center us_animate_fade\"><div class=\"w-image-h\"><img decoding=\"async\" width=\"400\" height=\"250\" src=\"https:\/\/torrebonavista.com\/wp-content\/uploads\/2016\/09\/restaurant3.jpg\" class=\"attachment-full size-full\" alt=\"\" loading=\"lazy\" srcset=\"https:\/\/torrebonavista.com\/wp-content\/uploads\/2016\/09\/restaurant3.jpg 400w, https:\/\/torrebonavista.com\/wp-content\/uploads\/2016\/09\/restaurant3-300x188.jpg 300w\" sizes=\"auto, (max-width: 400px) 100vw, 400px\" \/><\/div><\/div><div class=\"wpb_text_column\"><div class=\"wpb_wrapper\"><h4>Restaurant Can Farell<\/h4>\n<p>Vine a la Masia de Can Farell i gaudeix de la seva proposta gastron\u00f2mica.<\/p>\n<\/div><\/div><div class=\"w-btn-wrapper align_none\"><a class=\"w-btn us-btn-style_3 us_custom_6f9c3709\" target=\" _blank\" rel=\"nofollow\" href=\"http:\/\/www.canfarell.com\/\"><span class=\"w-btn-label\">+ info<\/span><\/a><\/div><\/div><\/div><\/div><\/div><div class=\"w-separator size_small\"><\/div><\/div><\/div><\/div><\/div><\/div><\/section>","protected":false},"excerpt":{"rendered":"Turisme Activitats i entorn A 20 minuts de Barcelona i a 15 minuts del litoral del Maresme, la Torre Bona Vista\u00a0est\u00e0 situada en un entorn immillorable, completament\u00a0accesible i connectada amb transport p\u00fablic a tots els pobles del voltant i amb Barcelona. Les poblacions ve\u00efnes de Sant Feliu de Codines,\u00a0l&#8217;Ametlla del Vall\u00e8s, La Garriga, Caldes de...","protected":false},"author":4,"featured_media":0,"parent":0,"menu_order":6,"comment_status":"closed","ping_status":"closed","template":"","meta":{"footnotes":""},"class_list":["post-160","page","type-page","status-publish","hentry"],"yoast_head":"<!-- This site is optimized with the Yoast SEO plugin v27.4 - https:\/\/yoast.com\/product\/yoast-seo-wordpress\/ -->\n<title>Turisme | Torre Bona Vista | Turisme rural a prop de Barcelona<\/title>\n<meta name=\"robots\" content=\"index, follow, max-snippet:-1, max-image-preview:large, max-video-preview:-1\" \/>\n<link rel=\"canonical\" href=\"https:\/\/torrebonavista.com\/ca\/turisme\/\" \/>\n<meta property=\"og:locale\" content=\"ca_ES\" \/>\n<meta property=\"og:type\" content=\"article\" \/>\n<meta property=\"og:title\" content=\"Turisme | Torre Bona Vista | Turisme rural a prop de Barcelona\" \/>\n<meta property=\"og:url\" content=\"https:\/\/torrebonavista.com\/ca\/turisme\/\" \/>\n<meta property=\"og:site_name\" content=\"Torre Bona Vista\" \/>\n<meta property=\"article:publisher\" content=\"https:\/\/www.facebook.com\/Torrebonavista\/\" \/>\n<meta property=\"article:modified_time\" content=\"2023-06-05T07:41:40+00:00\" \/>\n<meta property=\"og:image\" content=\"https:\/\/torrebonavista.com\/wp-content\/uploads\/2016\/07\/logo_TorreBonaVista_negre.png\" \/>\n\t<meta property=\"og:image:width\" content=\"1000\" \/>\n\t<meta property=\"og:image:height\" content=\"223\" \/>\n\t<meta property=\"og:image:type\" content=\"image\/png\" \/>\n<meta name=\"twitter:card\" content=\"summary_large_image\" \/>\n<meta name=\"twitter:label1\" content=\"Temps estimat de lectura\" \/>\n\t<meta name=\"twitter:data1\" content=\"18 minuts\" \/>\n<script type=\"application\/ld+json\" class=\"yoast-schema-graph\">{\"@context\":\"https:\\\/\\\/schema.org\",\"@graph\":[{\"@type\":\"WebPage\",\"@id\":\"https:\\\/\\\/torrebonavista.com\\\/ca\\\/turisme\\\/\",\"url\":\"https:\\\/\\\/torrebonavista.com\\\/ca\\\/turisme\\\/\",\"name\":\"Turisme | Torre Bona Vista | Turisme rural a prop de Barcelona\",\"isPartOf\":{\"@id\":\"https:\\\/\\\/torrebonavista.com\\\/ca\\\/#website\"},\"datePublished\":\"2016-09-23T08:49:23+00:00\",\"dateModified\":\"2023-06-05T07:41:40+00:00\",\"breadcrumb\":{\"@id\":\"https:\\\/\\\/torrebonavista.com\\\/ca\\\/turisme\\\/#breadcrumb\"},\"inLanguage\":\"ca\",\"potentialAction\":[{\"@type\":\"ReadAction\",\"target\":[[\"https:\\\/\\\/torrebonavista.com\\\/ca\\\/turisme\\\/\"]]}]},{\"@type\":\"BreadcrumbList\",\"@id\":\"https:\\\/\\\/torrebonavista.com\\\/ca\\\/turisme\\\/#breadcrumb\",\"itemListElement\":[{\"@type\":\"ListItem\",\"position\":1,\"name\":\"Portada\",\"item\":\"https:\\\/\\\/torrebonavista.com\\\/ca\\\/\"},{\"@type\":\"ListItem\",\"position\":2,\"name\":\"Turismo\"}]},{\"@type\":\"WebSite\",\"@id\":\"https:\\\/\\\/torrebonavista.com\\\/ca\\\/#website\",\"url\":\"https:\\\/\\\/torrebonavista.com\\\/ca\\\/\",\"name\":\"Torre Bona Vista\",\"description\":\"Turisme rural a prop de Barcelona\",\"publisher\":{\"@id\":\"https:\\\/\\\/torrebonavista.com\\\/ca\\\/#organization\"},\"alternateName\":\"Torre Bona Vista\",\"potentialAction\":[{\"@type\":\"SearchAction\",\"target\":{\"@type\":\"EntryPoint\",\"urlTemplate\":\"https:\\\/\\\/torrebonavista.com\\\/ca\\\/?s={search_term_string}\"},\"query-input\":{\"@type\":\"PropertyValueSpecification\",\"valueRequired\":true,\"valueName\":\"search_term_string\"}}],\"inLanguage\":\"ca\"},{\"@type\":\"Organization\",\"@id\":\"https:\\\/\\\/torrebonavista.com\\\/ca\\\/#organization\",\"name\":\"Torre Bona Vista\",\"alternateName\":\"Torre Bona Vista\",\"url\":\"https:\\\/\\\/torrebonavista.com\\\/ca\\\/\",\"logo\":{\"@type\":\"ImageObject\",\"inLanguage\":\"ca\",\"@id\":\"https:\\\/\\\/torrebonavista.com\\\/ca\\\/#\\\/schema\\\/logo\\\/image\\\/\",\"url\":\"http:\\\/\\\/torrebonavista.com\\\/wp-content\\\/uploads\\\/2016\\\/07\\\/favicon.png\",\"contentUrl\":\"http:\\\/\\\/torrebonavista.com\\\/wp-content\\\/uploads\\\/2016\\\/07\\\/favicon.png\",\"width\":180,\"height\":180,\"caption\":\"Torre Bona Vista\"},\"image\":{\"@id\":\"https:\\\/\\\/torrebonavista.com\\\/ca\\\/#\\\/schema\\\/logo\\\/image\\\/\"},\"sameAs\":[\"https:\\\/\\\/www.facebook.com\\\/Torrebonavista\\\/\",\"https:\\\/\\\/www.instagram.com\\\/torre_bona_vista\"]}]}<\/script>\n<!-- \/ Yoast SEO plugin. -->","yoast_head_json":{"title":"Turisme | Torre Bona Vista | Turisme rural a prop de Barcelona","robots":{"index":"index","follow":"follow","max-snippet":"max-snippet:-1","max-image-preview":"max-image-preview:large","max-video-preview":"max-video-preview:-1"},"canonical":"https:\/\/torrebonavista.com\/ca\/turisme\/","og_locale":"ca_ES","og_type":"article","og_title":"Turisme | Torre Bona Vista | Turisme rural a prop de Barcelona","og_url":"https:\/\/torrebonavista.com\/ca\/turisme\/","og_site_name":"Torre Bona Vista","article_publisher":"https:\/\/www.facebook.com\/Torrebonavista\/","article_modified_time":"2023-06-05T07:41:40+00:00","og_image":[{"width":1000,"height":223,"url":"https:\/\/torrebonavista.com\/wp-content\/uploads\/2016\/07\/logo_TorreBonaVista_negre.png","type":"image\/png"}],"twitter_card":"summary_large_image","twitter_misc":{"Temps estimat de lectura":"18 minuts"},"schema":{"@context":"https:\/\/schema.org","@graph":[{"@type":"WebPage","@id":"https:\/\/torrebonavista.com\/ca\/turisme\/","url":"https:\/\/torrebonavista.com\/ca\/turisme\/","name":"Turisme | Torre Bona Vista | Turisme rural a prop de Barcelona","isPartOf":{"@id":"https:\/\/torrebonavista.com\/ca\/#website"},"datePublished":"2016-09-23T08:49:23+00:00","dateModified":"2023-06-05T07:41:40+00:00","breadcrumb":{"@id":"https:\/\/torrebonavista.com\/ca\/turisme\/#breadcrumb"},"inLanguage":"ca","potentialAction":[{"@type":"ReadAction","target":[["https:\/\/torrebonavista.com\/ca\/turisme\/"]]}]},{"@type":"BreadcrumbList","@id":"https:\/\/torrebonavista.com\/ca\/turisme\/#breadcrumb","itemListElement":[{"@type":"ListItem","position":1,"name":"Portada","item":"https:\/\/torrebonavista.com\/ca\/"},{"@type":"ListItem","position":2,"name":"Turismo"}]},{"@type":"WebSite","@id":"https:\/\/torrebonavista.com\/ca\/#website","url":"https:\/\/torrebonavista.com\/ca\/","name":"Torre Bona Vista","description":"Turisme rural a prop de Barcelona","publisher":{"@id":"https:\/\/torrebonavista.com\/ca\/#organization"},"alternateName":"Torre Bona Vista","potentialAction":[{"@type":"SearchAction","target":{"@type":"EntryPoint","urlTemplate":"https:\/\/torrebonavista.com\/ca\/?s={search_term_string}"},"query-input":{"@type":"PropertyValueSpecification","valueRequired":true,"valueName":"search_term_string"}}],"inLanguage":"ca"},{"@type":"Organization","@id":"https:\/\/torrebonavista.com\/ca\/#organization","name":"Torre Bona Vista","alternateName":"Torre Bona Vista","url":"https:\/\/torrebonavista.com\/ca\/","logo":{"@type":"ImageObject","inLanguage":"ca","@id":"https:\/\/torrebonavista.com\/ca\/#\/schema\/logo\/image\/","url":"http:\/\/torrebonavista.com\/wp-content\/uploads\/2016\/07\/favicon.png","contentUrl":"http:\/\/torrebonavista.com\/wp-content\/uploads\/2016\/07\/favicon.png","width":180,"height":180,"caption":"Torre Bona Vista"},"image":{"@id":"https:\/\/torrebonavista.com\/ca\/#\/schema\/logo\/image\/"},"sameAs":["https:\/\/www.facebook.com\/Torrebonavista\/","https:\/\/www.instagram.com\/torre_bona_vista"]}]}},"_links":{"self":[{"href":"https:\/\/torrebonavista.com\/ca\/wp-json\/wp\/v2\/pages\/160","targetHints":{"allow":["GET"]}}],"collection":[{"href":"https:\/\/torrebonavista.com\/ca\/wp-json\/wp\/v2\/pages"}],"about":[{"href":"https:\/\/torrebonavista.com\/ca\/wp-json\/wp\/v2\/types\/page"}],"author":[{"embeddable":true,"href":"https:\/\/torrebonavista.com\/ca\/wp-json\/wp\/v2\/users\/4"}],"replies":[{"embeddable":true,"href":"https:\/\/torrebonavista.com\/ca\/wp-json\/wp\/v2\/comments?post=160"}],"version-history":[{"count":29,"href":"https:\/\/torrebonavista.com\/ca\/wp-json\/wp\/v2\/pages\/160\/revisions"}],"predecessor-version":[{"id":608,"href":"https:\/\/torrebonavista.com\/ca\/wp-json\/wp\/v2\/pages\/160\/revisions\/608"}],"wp:attachment":[{"href":"https:\/\/torrebonavista.com\/ca\/wp-json\/wp\/v2\/media?parent=160"}],"curies":[{"name":"wp","href":"https:\/\/api.w.org\/{rel}","templated":true}]}}