{"id":16,"date":"2016-07-12T17:59:41","date_gmt":"2016-07-12T17:59:41","guid":{"rendered":"http:\/\/torrebonavista.com\/?page_id=16"},"modified":"2024-11-07T09:29:05","modified_gmt":"2024-11-07T09:29:05","slug":"contacte","status":"publish","type":"page","link":"https:\/\/torrebonavista.com\/ca\/contacte\/","title":{"rendered":"Contacte"},"content":{"rendered":"<section class=\"l-section wpb_row height_auto width_full\"><div class=\"l-section-h i-cf\"><div class=\"g-cols vc_row via_flex valign_top type_default stacking_default\"><div class=\"vc_col-sm-12 wpb_column vc_column_container\"><div class=\"vc_column-inner\"><div class=\"wpb_wrapper\"><div class=\"w-html\"><iframe src=\"https:\/\/www.google.com\/maps\/embed?pb=!1m18!1m12!1m3!1d13930.567754625192!2d2.2257830283697224!3d41.62859463317342!2m3!1f0!2f0!3f0!3m2!1i1024!2i768!4f13.1!3m3!1m2!1s0x12a4c6d2f8de49d9%3A0xc9e3d1a6f8651b89!2sTorre%20Bona%20Vista!5e0!3m2!1sca!2ses!4v1730971668672!5m2!1sca!2ses\" width=\"100%\" height=\"450\" style=\"border:0;\" allowfullscreen=\"\" loading=\"lazy\" referrerpolicy=\"no-referrer-when-downgrade\"><\/iframe><\/div><\/div><\/div><\/div><\/div><\/div><\/section><section class=\"l-section wpb_row height_auto width_full color_alternate\"><div class=\"l-section-h i-cf\"><div class=\"g-cols vc_row via_flex valign_top type_default stacking_default\"><div class=\"vc_col-sm-12 wpb_column vc_column_container\"><div class=\"vc_column-inner\"><div class=\"wpb_wrapper\"><div class=\"w-btn-wrapper align_center\"><a class=\"w-btn us-btn-style_3 us_custom_80a192e9\" target=\" _blank\" rel=\"nofollow\" href=\"https:\/\/goo.gl\/maps\/86pWMYRsBKD2\"><span class=\"w-btn-label\">Com arribar<\/span><\/a><\/div><\/div><\/div><\/div><\/div><\/div><\/section><section class=\"l-section wpb_row height_small\"><div class=\"l-section-h i-cf\"><div class=\"g-cols vc_row via_flex valign_top type_default stacking_default\"><div class=\"vc_col-sm-9 wpb_column vc_column_container\"><div class=\"vc_column-inner\"><div class=\"wpb_wrapper\"><div class=\"wpb_text_column\"><div class=\"wpb_wrapper\"><h3>Posa&#8217;t en contacte amb nosaltres<\/h3>\n<\/div><\/div><div class=\"wpb_text_column\"><div class=\"wpb_wrapper\">\n<div class=\"wpcf7 no-js\" id=\"wpcf7-f54-o1\" lang=\"ca\" dir=\"ltr\" data-wpcf7-id=\"54\">\n<div class=\"screen-reader-response\"><p role=\"status\" aria-live=\"polite\" aria-atomic=\"true\"><\/p> <ul><\/ul><\/div>\n<form action=\"\/ca\/wp-json\/wp\/v2\/pages\/16#wpcf7-f54-o1\" method=\"post\" class=\"wpcf7-form init\" aria-label=\"Formulari de contacte\" novalidate=\"novalidate\" data-status=\"init\">\n<fieldset class=\"hidden-fields-container\"><input type=\"hidden\" name=\"_wpcf7\" value=\"54\" \/><input type=\"hidden\" name=\"_wpcf7_version\" value=\"6.1.5\" \/><input type=\"hidden\" name=\"_wpcf7_locale\" value=\"ca\" \/><input type=\"hidden\" name=\"_wpcf7_unit_tag\" value=\"wpcf7-f54-o1\" \/><input type=\"hidden\" name=\"_wpcf7_container_post\" value=\"0\" \/><input type=\"hidden\" name=\"_wpcf7_posted_data_hash\" value=\"\" \/>\n<\/fieldset>\n<style>\ntd {\n border:none;\n padding-left:0;\n}\nspan.wpcf7-form-control-wrap {\n display: inline !important;\n}\nspan.wpcf7-list-item {\n margin: 0 !important;\n}\n<\/style>\n<table width=\"100%\" cellpadding=\"0\" cellspacing=\"0\" border=\"0\">\n\t<tr>\n\t\t<td width=\"10%\">\n\t\t\t<p>Nom\n\t\t\t<\/p>\n\t\t<\/td>\n\t\t<td>\n\t\t\t<p><span class=\"wpcf7-form-control-wrap\" data-name=\"nom\"><input size=\"40\" maxlength=\"400\" class=\"wpcf7-form-control wpcf7-text wpcf7-validates-as-required\" aria-required=\"true\" aria-invalid=\"false\" value=\"\" type=\"text\" name=\"nom\" \/><\/span>\n\t\t\t<\/p>\n\t\t<\/td>\n\t<\/tr>\n\t<tr>\n\t\t<td>\n\t\t\t<p>E-mail\n\t\t\t<\/p>\n\t\t<\/td>\n\t\t<td>\n\t\t\t<p><span class=\"wpcf7-form-control-wrap\" data-name=\"email\"><input size=\"40\" maxlength=\"400\" class=\"wpcf7-form-control wpcf7-email wpcf7-validates-as-required wpcf7-text wpcf7-validates-as-email\" aria-required=\"true\" aria-invalid=\"false\" value=\"\" type=\"email\" name=\"email\" \/><\/span>\n\t\t\t<\/p>\n\t\t<\/td>\n\t<\/tr>\n\t<tr>\n\t\t<td>\n\t\t\t<p>Tel\u00e8fon\n\t\t\t<\/p>\n\t\t<\/td>\n\t\t<td>\n\t\t\t<p><span class=\"wpcf7-form-control-wrap\" data-name=\"telefon\"><input size=\"40\" maxlength=\"400\" class=\"wpcf7-form-control wpcf7-tel wpcf7-validates-as-required wpcf7-text wpcf7-validates-as-tel\" aria-required=\"true\" aria-invalid=\"false\" value=\"\" type=\"tel\" name=\"telefon\" \/><\/span>\n\t\t\t<\/p>\n\t\t<\/td>\n\t<\/tr>\n\t<tr>\n\t\t<td colspan=\"2\">\n\t\t\t<p>Missatge\n\t\t\t<\/p>\n\t\t\t<p><span class=\"wpcf7-form-control-wrap\" data-name=\"missatge\"><textarea cols=\"40\" rows=\"10\" maxlength=\"2000\" class=\"wpcf7-form-control wpcf7-textarea\" aria-invalid=\"false\" name=\"missatge\"><\/textarea><\/span>\n\t\t\t<\/p>\n\t\t<\/td>\n\t<\/tr>\n<\/table>\n<table width=\"100%\" cellpadding=\"0\" cellspacing=\"0\" border=\"0\">\n\t<tr>\n\t\t<td>\n\t\t\t<p style=\"color:#4e5663; line-height:14px;\"><span class=\"wpcf7-form-control-wrap\" data-name=\"privacitat\"><span class=\"wpcf7-form-control wpcf7-acceptance\"><span class=\"wpcf7-list-item\"><input type=\"checkbox\" name=\"privacitat\" value=\"1\" aria-invalid=\"false\" \/><\/span><\/span><\/span> He llegit i accepto l'<a href=\"..\/aviso-legal\/\" target=\"blank\">Av\u00eds Legal<\/a> i la <a href=\"..\/politica-de-privacidad\/\" target=\"blank\">Pol\u00edtica de Privacitat<\/a>.\n\t\t\t<\/p>\n\t\t<\/td>\n\t<\/tr>\n\t<tr>\n\t\t<td>\n\t\t\t<p style=\"color:#4e5663; line-height:14px;\"><span class=\"wpcf7-form-control-wrap\" data-name=\"promos\"><span class=\"wpcf7-form-control wpcf7-checkbox\"><span class=\"wpcf7-list-item first last\"><input type=\"checkbox\" name=\"promos[]\" value=\"Accepto l&#039;enviament de noves promocions.\" \/><span class=\"wpcf7-list-item-label\">Accepto l&#039;enviament de noves promocions.<\/span><\/span><\/span><\/span>\n\t\t\t<\/p>\n\t\t<\/td>\n\t<\/tr>\n\t<tr>\n\t\t<td>\n\t\t\t<p style=\"color:#ff3617;\">* Camps obligatoris\n\t\t\t<\/p>\n\t\t<\/td>\n\t<\/tr>\n\t<tr>\n\t\t<td>\n\t\t\t<p><input class=\"wpcf7-form-control wpcf7-submit has-spinner\" type=\"submit\" value=\"Enviar\" \/>\n\t\t\t<\/p>\n\t\t<\/td>\n\t<\/tr>\n<\/table><p style=\"display: none !important;\" class=\"akismet-fields-container\" data-prefix=\"_wpcf7_ak_\"><label>&#916;<textarea name=\"_wpcf7_ak_hp_textarea\" cols=\"45\" rows=\"8\" maxlength=\"100\"><\/textarea><\/label><input type=\"hidden\" id=\"ak_js_1\" name=\"_wpcf7_ak_js\" value=\"238\"\/><script>document.getElementById( \"ak_js_1\" ).setAttribute( \"value\", ( new Date() ).getTime() );<\/script><\/p><div class=\"wpcf7-response-output\" aria-hidden=\"true\"><\/div>\n<\/form>\n<\/div>\n\n<\/div><\/div><\/div><\/div><\/div><div class=\"vc_col-sm-3 wpb_column vc_column_container\"><div class=\"vc_column-inner\"><div class=\"wpb_wrapper\"><div class=\"wpb_text_column\"><div class=\"wpb_wrapper\"><h3 class=\"module-title\">Segueix-nos<\/h3>\n<\/div><\/div><div class=\"w-socials us_custom_a5c88937 color_brand shape_rounded style_outlined hover_fade\" style=\"--gap:0.1em;\"><div class=\"w-socials-list\"><div class=\"w-socials-item facebook\"><a target=\"_blank\" rel=\"nofollow\" href=\"https:\/\/www.facebook.com\/Torrebonavista\" class=\"w-socials-item-link\" title=\"Facebook\" aria-label=\"Facebook\"><span class=\"w-socials-item-link-hover\"><\/span><i class=\"fab fa-facebook\"><\/i><\/a><div class=\"w-socials-item-popup\"><span>Facebook<\/span><\/div><\/div><div class=\"w-socials-item instagram\"><a target=\"_blank\" rel=\"nofollow\" href=\"https:\/\/www.instagram.com\/torre_bona_vista\" class=\"w-socials-item-link\" title=\"Instagram\" aria-label=\"Instagram\"><span class=\"w-socials-item-link-hover\"><\/span><i class=\"fab fa-instagram\"><\/i><\/a><div class=\"w-socials-item-popup\"><span>Instagram<\/span><\/div><\/div><\/div><\/div><div class=\"w-separator size_medium\"><\/div><div class=\"wpb_text_column\"><div class=\"wpb_wrapper\"><h3>Informaci\u00f3<\/h3>\n<\/div><\/div><div class=\"wpb_text_column\"><div class=\"wpb_wrapper\"><h4 class=\"module-title\">Adre\u00e7a<\/h4>\n<p><strong>Torre Bona Vista<\/strong><br \/>\nCarrer de Can Ballest\u00e0, s\/n<br \/>\n08186 Lli\u00e7\u00e0 d&#8217;Amunt<br \/>\n(Barcelona)<\/p>\n<h4>Contacte<\/h4>\n<p>Tel.:\u00a0616 405 658 (Israel)<br \/>\nTel.: 620 076 500 (Marc)<\/p>\n<h4>E-mail<\/h4>\n<p><a href=\"mailto:info@torrebonavista.com\">info@torrebonavista.com<\/a><\/p>\n<\/div><\/div><\/div><\/div><\/div><\/div><\/div><\/section>","protected":false},"excerpt":{"rendered":"Com arribarPosa&#8217;t en contacte amb nosaltres Nom E-mail Tel\u00e8fon Missatge He llegit i accepto l'Av\u00eds Legal i la Pol\u00edtica de Privacitat. Accepto l&#039;enviament de noves promocions. * Camps obligatoris &#916; Segueix-nos FacebookInstagramInformaci\u00f3 Adre\u00e7a Torre Bona Vista Carrer de Can Ballest\u00e0, s\/n 08186 Lli\u00e7\u00e0 d&#8217;Amunt (Barcelona) Contacte Tel.:\u00a0616 405 658 (Israel) Tel.: 620 076 500 (Marc)...","protected":false},"author":4,"featured_media":0,"parent":0,"menu_order":7,"comment_status":"closed","ping_status":"closed","template":"","meta":{"footnotes":""},"class_list":["post-16","page","type-page","status-publish","hentry"],"yoast_head":"<!-- This site is optimized with the Yoast SEO plugin v27.4 - https:\/\/yoast.com\/product\/yoast-seo-wordpress\/ -->\n<title>Contacte | Torre Bona Vista | Turisme rural a prop de Barcelona<\/title>\n<meta name=\"robots\" content=\"index, follow, max-snippet:-1, max-image-preview:large, max-video-preview:-1\" \/>\n<link rel=\"canonical\" href=\"https:\/\/torrebonavista.com\/ca\/contacte\/\" \/>\n<meta property=\"og:locale\" content=\"ca_ES\" \/>\n<meta property=\"og:type\" content=\"article\" \/>\n<meta property=\"og:title\" content=\"Contacte | Torre Bona Vista | Turisme rural a prop de Barcelona\" \/>\n<meta property=\"og:url\" content=\"https:\/\/torrebonavista.com\/ca\/contacte\/\" \/>\n<meta property=\"og:site_name\" content=\"Torre Bona Vista\" \/>\n<meta property=\"article:publisher\" content=\"https:\/\/www.facebook.com\/Torrebonavista\/\" \/>\n<meta property=\"article:modified_time\" content=\"2024-11-07T09:29:05+00:00\" \/>\n<meta property=\"og:image\" content=\"https:\/\/torrebonavista.com\/wp-content\/uploads\/2016\/07\/logo_TorreBonaVista_negre.png\" \/>\n\t<meta property=\"og:image:width\" content=\"1000\" \/>\n\t<meta property=\"og:image:height\" content=\"223\" \/>\n\t<meta property=\"og:image:type\" content=\"image\/png\" \/>\n<meta name=\"twitter:card\" content=\"summary_large_image\" \/>\n<meta name=\"twitter:label1\" content=\"Temps estimat de lectura\" \/>\n\t<meta name=\"twitter:data1\" content=\"1 minut\" \/>\n<script type=\"application\/ld+json\" class=\"yoast-schema-graph\">{\"@context\":\"https:\\\/\\\/schema.org\",\"@graph\":[{\"@type\":\"WebPage\",\"@id\":\"https:\\\/\\\/torrebonavista.com\\\/ca\\\/contacte\\\/\",\"url\":\"https:\\\/\\\/torrebonavista.com\\\/ca\\\/contacte\\\/\",\"name\":\"Contacte | Torre Bona Vista | Turisme rural a prop de Barcelona\",\"isPartOf\":{\"@id\":\"https:\\\/\\\/torrebonavista.com\\\/ca\\\/#website\"},\"datePublished\":\"2016-07-12T17:59:41+00:00\",\"dateModified\":\"2024-11-07T09:29:05+00:00\",\"breadcrumb\":{\"@id\":\"https:\\\/\\\/torrebonavista.com\\\/ca\\\/contacte\\\/#breadcrumb\"},\"inLanguage\":\"ca\",\"potentialAction\":[{\"@type\":\"ReadAction\",\"target\":[[\"https:\\\/\\\/torrebonavista.com\\\/ca\\\/contacte\\\/\"]]}]},{\"@type\":\"BreadcrumbList\",\"@id\":\"https:\\\/\\\/torrebonavista.com\\\/ca\\\/contacte\\\/#breadcrumb\",\"itemListElement\":[{\"@type\":\"ListItem\",\"position\":1,\"name\":\"Portada\",\"item\":\"https:\\\/\\\/torrebonavista.com\\\/ca\\\/\"},{\"@type\":\"ListItem\",\"position\":2,\"name\":\"Contacto\"}]},{\"@type\":\"WebSite\",\"@id\":\"https:\\\/\\\/torrebonavista.com\\\/ca\\\/#website\",\"url\":\"https:\\\/\\\/torrebonavista.com\\\/ca\\\/\",\"name\":\"Torre Bona Vista\",\"description\":\"Turisme rural a prop de Barcelona\",\"publisher\":{\"@id\":\"https:\\\/\\\/torrebonavista.com\\\/ca\\\/#organization\"},\"alternateName\":\"Torre Bona Vista\",\"potentialAction\":[{\"@type\":\"SearchAction\",\"target\":{\"@type\":\"EntryPoint\",\"urlTemplate\":\"https:\\\/\\\/torrebonavista.com\\\/ca\\\/?s={search_term_string}\"},\"query-input\":{\"@type\":\"PropertyValueSpecification\",\"valueRequired\":true,\"valueName\":\"search_term_string\"}}],\"inLanguage\":\"ca\"},{\"@type\":\"Organization\",\"@id\":\"https:\\\/\\\/torrebonavista.com\\\/ca\\\/#organization\",\"name\":\"Torre Bona Vista\",\"alternateName\":\"Torre Bona Vista\",\"url\":\"https:\\\/\\\/torrebonavista.com\\\/ca\\\/\",\"logo\":{\"@type\":\"ImageObject\",\"inLanguage\":\"ca\",\"@id\":\"https:\\\/\\\/torrebonavista.com\\\/ca\\\/#\\\/schema\\\/logo\\\/image\\\/\",\"url\":\"http:\\\/\\\/torrebonavista.com\\\/wp-content\\\/uploads\\\/2016\\\/07\\\/favicon.png\",\"contentUrl\":\"http:\\\/\\\/torrebonavista.com\\\/wp-content\\\/uploads\\\/2016\\\/07\\\/favicon.png\",\"width\":180,\"height\":180,\"caption\":\"Torre Bona Vista\"},\"image\":{\"@id\":\"https:\\\/\\\/torrebonavista.com\\\/ca\\\/#\\\/schema\\\/logo\\\/image\\\/\"},\"sameAs\":[\"https:\\\/\\\/www.facebook.com\\\/Torrebonavista\\\/\",\"https:\\\/\\\/www.instagram.com\\\/torre_bona_vista\"]}]}<\/script>\n<!-- \/ Yoast SEO plugin. -->","yoast_head_json":{"title":"Contacte | Torre Bona Vista | Turisme rural a prop de Barcelona","robots":{"index":"index","follow":"follow","max-snippet":"max-snippet:-1","max-image-preview":"max-image-preview:large","max-video-preview":"max-video-preview:-1"},"canonical":"https:\/\/torrebonavista.com\/ca\/contacte\/","og_locale":"ca_ES","og_type":"article","og_title":"Contacte | Torre Bona Vista | Turisme rural a prop de Barcelona","og_url":"https:\/\/torrebonavista.com\/ca\/contacte\/","og_site_name":"Torre Bona Vista","article_publisher":"https:\/\/www.facebook.com\/Torrebonavista\/","article_modified_time":"2024-11-07T09:29:05+00:00","og_image":[{"width":1000,"height":223,"url":"https:\/\/torrebonavista.com\/wp-content\/uploads\/2016\/07\/logo_TorreBonaVista_negre.png","type":"image\/png"}],"twitter_card":"summary_large_image","twitter_misc":{"Temps estimat de lectura":"1 minut"},"schema":{"@context":"https:\/\/schema.org","@graph":[{"@type":"WebPage","@id":"https:\/\/torrebonavista.com\/ca\/contacte\/","url":"https:\/\/torrebonavista.com\/ca\/contacte\/","name":"Contacte | Torre Bona Vista | Turisme rural a prop de Barcelona","isPartOf":{"@id":"https:\/\/torrebonavista.com\/ca\/#website"},"datePublished":"2016-07-12T17:59:41+00:00","dateModified":"2024-11-07T09:29:05+00:00","breadcrumb":{"@id":"https:\/\/torrebonavista.com\/ca\/contacte\/#breadcrumb"},"inLanguage":"ca","potentialAction":[{"@type":"ReadAction","target":[["https:\/\/torrebonavista.com\/ca\/contacte\/"]]}]},{"@type":"BreadcrumbList","@id":"https:\/\/torrebonavista.com\/ca\/contacte\/#breadcrumb","itemListElement":[{"@type":"ListItem","position":1,"name":"Portada","item":"https:\/\/torrebonavista.com\/ca\/"},{"@type":"ListItem","position":2,"name":"Contacto"}]},{"@type":"WebSite","@id":"https:\/\/torrebonavista.com\/ca\/#website","url":"https:\/\/torrebonavista.com\/ca\/","name":"Torre Bona Vista","description":"Turisme rural a prop de Barcelona","publisher":{"@id":"https:\/\/torrebonavista.com\/ca\/#organization"},"alternateName":"Torre Bona Vista","potentialAction":[{"@type":"SearchAction","target":{"@type":"EntryPoint","urlTemplate":"https:\/\/torrebonavista.com\/ca\/?s={search_term_string}"},"query-input":{"@type":"PropertyValueSpecification","valueRequired":true,"valueName":"search_term_string"}}],"inLanguage":"ca"},{"@type":"Organization","@id":"https:\/\/torrebonavista.com\/ca\/#organization","name":"Torre Bona Vista","alternateName":"Torre Bona Vista","url":"https:\/\/torrebonavista.com\/ca\/","logo":{"@type":"ImageObject","inLanguage":"ca","@id":"https:\/\/torrebonavista.com\/ca\/#\/schema\/logo\/image\/","url":"http:\/\/torrebonavista.com\/wp-content\/uploads\/2016\/07\/favicon.png","contentUrl":"http:\/\/torrebonavista.com\/wp-content\/uploads\/2016\/07\/favicon.png","width":180,"height":180,"caption":"Torre Bona Vista"},"image":{"@id":"https:\/\/torrebonavista.com\/ca\/#\/schema\/logo\/image\/"},"sameAs":["https:\/\/www.facebook.com\/Torrebonavista\/","https:\/\/www.instagram.com\/torre_bona_vista"]}]}},"_links":{"self":[{"href":"https:\/\/torrebonavista.com\/ca\/wp-json\/wp\/v2\/pages\/16","targetHints":{"allow":["GET"]}}],"collection":[{"href":"https:\/\/torrebonavista.com\/ca\/wp-json\/wp\/v2\/pages"}],"about":[{"href":"https:\/\/torrebonavista.com\/ca\/wp-json\/wp\/v2\/types\/page"}],"author":[{"embeddable":true,"href":"https:\/\/torrebonavista.com\/ca\/wp-json\/wp\/v2\/users\/4"}],"replies":[{"embeddable":true,"href":"https:\/\/torrebonavista.com\/ca\/wp-json\/wp\/v2\/comments?post=16"}],"version-history":[{"count":61,"href":"https:\/\/torrebonavista.com\/ca\/wp-json\/wp\/v2\/pages\/16\/revisions"}],"predecessor-version":[{"id":647,"href":"https:\/\/torrebonavista.com\/ca\/wp-json\/wp\/v2\/pages\/16\/revisions\/647"}],"wp:attachment":[{"href":"https:\/\/torrebonavista.com\/ca\/wp-json\/wp\/v2\/media?parent=16"}],"curies":[{"name":"wp","href":"https:\/\/api.w.org\/{rel}","templated":true}]}}