{"id":146,"date":"2016-09-23T06:32:28","date_gmt":"2016-09-23T06:32:28","guid":{"rendered":"http:\/\/torrebonavista.com\/?page_id=146"},"modified":"2018-12-21T08:58:18","modified_gmt":"2018-12-21T08:58:18","slug":"la-torre","status":"publish","type":"page","link":"https:\/\/torrebonavista.com\/ca\/la-torre\/","title":{"rendered":"La Torre"},"content":{"rendered":"<section class=\"l-section wpb_row height_medium width_full color_secondary\"><div class=\"l-section-h i-cf\"><div class=\"g-cols vc_row via_flex valign_top type_default stacking_default\"><div class=\"vc_col-sm-12 wpb_column vc_column_container\"><div class=\"vc_column-inner\"><div class=\"wpb_wrapper\"><div class=\"wpb_text_column\"><div class=\"wpb_wrapper\"><h2 style=\"text-align: center;\">La Torre<\/h2>\n<\/div><\/div><\/div><\/div><\/div><\/div><\/div><\/section><!-- Row Backgrounds --><div class=\"upb_bg_img\" data-ultimate-bg=\"url(https:\/\/torrebonavista.com\/wp-content\/uploads\/2016\/07\/IMG_1058bis.jpg)\" data-image-id=\"id^214|url^http:\/\/torrebonavista.com\/wp-content\/uploads\/2016\/07\/IMG_1058bis.jpg|caption^null|alt^null|title^img_1058bis|description^null\" data-ultimate-bg-style=\"vcpb-vz-jquery\" data-bg-img-repeat=\"no-repeat\" data-bg-img-size=\"cover\" data-bg-img-position=\"\" data-parallx_sense=\"30\" data-bg-override=\"0\" data-bg_img_attach=\"fixed\" data-upb-overlay-color=\"rgba(170,170,170,0.2)\" data-upb-bg-animation=\"\" data-fadeout=\"\" data-bg-animation=\"left-animation\" data-bg-animation-type=\"h\" data-animation-repeat=\"repeat\" data-fadeout-percentage=\"30\" data-parallax-content=\"\" data-parallax-content-sense=\"30\" data-row-effect-mobile-disable=\"true\" data-img-parallax-mobile-disable=\"true\" data-rtl=\"false\"  data-custom-vc-row=\"\"  data-vc=\"7.8\"  data-is_old_vc=\"\"  data-theme-support=\"\"   data-overlay=\"true\" data-overlay-color=\"rgba(170,170,170,0.2)\" data-overlay-pattern=\"https:\/\/torrebonavista.com\/wp-content\/plugins\/Ultimate_VC_Addons\/assets\/images\/patterns\/09.png\" data-overlay-pattern-opacity=\"0.8\" data-overlay-pattern-size=\"\" data-overlay-pattern-attachment=\"scroll\"    ><\/div><section class=\"l-section wpb_row height_small\"><div class=\"l-section-h i-cf\"><div class=\"g-cols vc_row via_flex valign_top type_default stacking_default\"><div class=\"vc_col-sm-6 wpb_column vc_column_container\"><div class=\"vc_column-inner\"><div class=\"wpb_wrapper\"><div class=\"w-slider style_none fit_cover\"><div class=\"w-slider-h\"><div class=\"royalSlider\"><div class=\"rsContent\"><a class=\"rsImg\" data-rsw=\"600\" data-rsh=\"400\" href=\"https:\/\/torrebonavista.com\/wp-content\/uploads\/2018\/12\/n\u00ba-3-600x400.jpg\"><span data-alt=\"\"><\/span><\/a><\/div><\/div><img decoding=\"async\" src=\"https:\/\/torrebonavista.com\/wp-content\/uploads\/2018\/12\/n\u00ba-3-600x400.jpg\" width=\"600\" height=\"400\" alt loading=\"lazy\"><\/div><div class=\"w-slider-json\" onclick='return {&quot;autoScaleSlider&quot;:true,&quot;loop&quot;:true,&quot;fadeInLoadedSlide&quot;:false,&quot;slidesSpacing&quot;:0,&quot;imageScalePadding&quot;:0,&quot;numImagesToPreload&quot;:2,&quot;arrowsNav&quot;:false,&quot;arrowsNavAutoHide&quot;:false,&quot;transitionType&quot;:&quot;fade&quot;,&quot;transitionSpeed&quot;:250,&quot;block&quot;:{&quot;moveEffect&quot;:&quot;none&quot;,&quot;speed&quot;:300},&quot;thumbs&quot;:{&quot;fitInViewport&quot;:false},&quot;controlNavigation&quot;:&quot;none&quot;,&quot;autoplay&quot;:{&quot;enabled&quot;:true,&quot;pauseOnHover&quot;:true,&quot;delay&quot;:2500},&quot;imageScaleMode&quot;:&quot;fill&quot;,&quot;autoScaleSliderWidth&quot;:600,&quot;autoScaleSliderHeight&quot;:400}'><\/div><\/div><\/div><\/div><\/div><div class=\"vc_col-sm-6 wpb_column vc_column_container\"><div class=\"vc_column-inner\"><div class=\"wpb_wrapper\"><div class=\"wpb_text_column\"><div class=\"wpb_wrapper\"><p>La\u00a0<strong>Torre Bona Vista<\/strong><strong>\u00a0<\/strong>est\u00e0 situada en un dels indrets\u00a0m\u00e9s bonics de la comarca del <strong>Vall\u00e8s Oriental<\/strong>, molt\u00a0a prop del\u00a0<strong>Parc Natural del Montseny<\/strong>.<\/p>\n<p>Es troba en un <strong>barri rural<\/strong> de<strong> Lli\u00e7\u00e0 d&#8217;Amunt<\/strong>, molt a prop de <strong>Granollers<\/strong> i tamb\u00e9 de <strong>Barcelona<\/strong>,\u00a0a un pas de\u00a0diverses<strong>\u00a0activitats tur\u00edstiques<\/strong>. Un lloc\u00a0encantador ideal per gaudir\u00a0d&#8217;uns dies de descans, per\u00f2\u00a0que tamb\u00e9 serveix com a punt de sortida\u00a0i arribada\u00a0de les\u00a0diverses\u00a0activitats que es poden fer per la zona.<\/p>\n<\/div><\/div><\/div><\/div><\/div><\/div><\/div><\/section><section class=\"l-section wpb_row height_small\"><div class=\"l-section-h i-cf\"><div class=\"g-cols vc_row via_flex valign_top type_default stacking_default\"><div class=\"vc_col-sm-12 wpb_column vc_column_container\"><div class=\"vc_column-inner\"><div class=\"wpb_wrapper\"><div class=\"wpb_text_column\"><div class=\"wpb_wrapper\"><div class=\"flex_column av_one_full flex_column_div first avia-builder-el-4 el_after_av_one_full el_before_av_two_third column-top-margin\">\n<section class=\"av_textblock_section\">\n<div class=\"avia_textblock \">\n<p><strong>Torre Bona Vista<\/strong>\u00a0es una casa familiar amb una <strong>capacitat per a\u00a010 persones\u00a0<\/strong>distribu\u00efda<strong>\u00a0en 2 plantes:<\/strong><\/p>\n<\/div>\n<\/section>\n<\/div>\n<\/div><\/div><\/div><\/div><\/div><\/div><\/div><\/section><section class=\"l-section wpb_row height_small\"><div class=\"l-section-h i-cf\"><div class=\"g-cols vc_row via_flex valign_top type_default stacking_default\"><div class=\"vc_col-sm-6 wpb_column vc_column_container\"><div class=\"vc_column-inner\"><div class=\"wpb_wrapper\"><div class=\"wpb_text_column\"><div class=\"wpb_wrapper\"><h4>Planta baixa\u00a0amb\u00a0menjador i sala d&#8217;estar\u00a0amb\u00a0TV, cuina, una habitaci\u00f3 doble i\u00a0bany:<\/h4>\n<ul>\n<li>Menjador i sala d&#8217;estar\u00a0amb un gran sof\u00e0,\u00a0TV, llar de foc\u00a0de llenya, calefacci\u00f3 i amb\u00a0vistes al jard\u00ed.<\/li>\n<li>Una \u00e0mplia cuina amb menjador i totalment equipada amb\u00a0parament\u00a0complet i\u00a0electrodom\u00e8stics (cuina, nevera, forn, rentavaixelles, bateria de cuina, vaixella, coberteria, etc.).<\/li>\n<li>L&#8217;Habitaci\u00f3 de les Palmeres\u00a0amb llit niu de 2 persones.<\/li>\n<li>Un bany\u00a0complet amb plat de dutxa.<\/li>\n<\/ul>\n<\/div><\/div><div class=\"w-separator size_medium\"><\/div><div class=\"wpb_text_column\"><div class=\"wpb_wrapper\"><h4>Pis superior amb\u00a03 habitacions dobles,\u00a0un bany i terrassa:<\/h4>\n<ul>\n<li>L&#8217;Habitaci\u00f3 Taronja\u00a0amb llitera de 2 llits individuals de\u00a090 cm.<\/li>\n<li>L&#8217;Habitaci\u00f3 dels N\u00favols\u00a0amb llit de matrimoni\u00a0de 150\u00a0cm.<\/li>\n<li>L&#8217;Habitaci\u00f3 dels Miralls\u00a0amb llit de matrimoni\u00a0de 150\u00a0cm.<\/li>\n<li>Un bany\u00a0complet amb banyera.<\/li>\n<li>\u00c0mplia terrassa amb vistes.<\/li>\n<\/ul>\n<\/div><\/div><\/div><\/div><\/div><div class=\"vc_col-sm-6 wpb_column vc_column_container\"><div class=\"vc_column-inner\"><div class=\"wpb_wrapper\"><div class=\"w-slider style_none fit_cover\"><div class=\"w-slider-h\"><div class=\"royalSlider\"><div class=\"rsContent\"><a class=\"rsImg\" data-rsw=\"600\" data-rsh=\"600\" href=\"https:\/\/torrebonavista.com\/wp-content\/uploads\/2016\/09\/DSC_0060-600x600.jpg\"><span data-alt=\"\"><\/span><\/a><\/div><div class=\"rsContent\"><a class=\"rsImg\" data-rsw=\"600\" data-rsh=\"600\" href=\"https:\/\/torrebonavista.com\/wp-content\/uploads\/2016\/09\/DSC_0061-600x600.jpg\"><span data-alt=\"\"><\/span><\/a><\/div><div class=\"rsContent\"><a class=\"rsImg\" data-rsw=\"600\" data-rsh=\"600\" href=\"https:\/\/torrebonavista.com\/wp-content\/uploads\/2016\/09\/DSC_0062-600x600.jpg\"><span data-alt=\"\"><\/span><\/a><\/div><div class=\"rsContent\"><a class=\"rsImg\" data-rsw=\"600\" data-rsh=\"600\" href=\"https:\/\/torrebonavista.com\/wp-content\/uploads\/2016\/09\/DSC_0063-600x600.jpg\"><span data-alt=\"\"><\/span><\/a><\/div><div class=\"rsContent\"><a class=\"rsImg\" data-rsw=\"600\" data-rsh=\"600\" href=\"https:\/\/torrebonavista.com\/wp-content\/uploads\/2016\/09\/DSC_0064-600x600.jpg\"><span data-alt=\"\"><\/span><\/a><\/div><div class=\"rsContent\"><a class=\"rsImg\" data-rsw=\"600\" data-rsh=\"600\" href=\"https:\/\/torrebonavista.com\/wp-content\/uploads\/2016\/09\/DSC_0065-600x600.jpg\"><span data-alt=\"\"><\/span><\/a><\/div><div class=\"rsContent\"><a class=\"rsImg\" data-rsw=\"600\" data-rsh=\"600\" href=\"https:\/\/torrebonavista.com\/wp-content\/uploads\/2016\/09\/DSC_0066-600x600.jpg\"><span data-alt=\"\"><\/span><\/a><\/div><div class=\"rsContent\"><a class=\"rsImg\" data-rsw=\"600\" data-rsh=\"600\" href=\"https:\/\/torrebonavista.com\/wp-content\/uploads\/2016\/09\/DSC_0067-600x600.jpg\"><span data-alt=\"\"><\/span><\/a><\/div><div class=\"rsContent\"><a class=\"rsImg\" data-rsw=\"600\" data-rsh=\"600\" href=\"https:\/\/torrebonavista.com\/wp-content\/uploads\/2016\/09\/DSC_0068-e1474909862329-600x600.jpg\"><span data-alt=\"\"><\/span><\/a><\/div><div class=\"rsContent\"><a class=\"rsImg\" data-rsw=\"600\" data-rsh=\"600\" href=\"https:\/\/torrebonavista.com\/wp-content\/uploads\/2016\/07\/DSC_0057bis-600x600.jpg\"><span data-alt=\"\"><\/span><\/a><\/div><div class=\"rsContent\"><a class=\"rsImg\" data-rsw=\"600\" data-rsh=\"600\" href=\"https:\/\/torrebonavista.com\/wp-content\/uploads\/2016\/07\/DSC_0071bis-600x600.jpg\"><span data-alt=\"\"><\/span><\/a><\/div><div class=\"rsContent\"><a class=\"rsImg\" data-rsw=\"600\" data-rsh=\"600\" href=\"https:\/\/torrebonavista.com\/wp-content\/uploads\/2016\/07\/DSC_0050bis-600x600.jpg\"><span data-alt=\"\"><\/span><\/a><\/div><div class=\"rsContent\"><a class=\"rsImg\" data-rsw=\"600\" data-rsh=\"600\" href=\"https:\/\/torrebonavista.com\/wp-content\/uploads\/2016\/07\/DSC_0047bis-600x600.jpg\"><span data-alt=\"\"><\/span><\/a><\/div><div class=\"rsContent\"><a class=\"rsImg\" data-rsw=\"600\" data-rsh=\"600\" href=\"https:\/\/torrebonavista.com\/wp-content\/uploads\/2018\/12\/n\u00ba-30-600x600.jpg\"><span data-alt=\"\"><\/span><\/a><\/div><div class=\"rsContent\"><a class=\"rsImg\" data-rsw=\"600\" data-rsh=\"600\" href=\"https:\/\/torrebonavista.com\/wp-content\/uploads\/2016\/07\/DSC_0038bis-600x600.jpg\"><span data-alt=\"\"><\/span><\/a><\/div><div class=\"rsContent\"><a class=\"rsImg\" data-rsw=\"600\" data-rsh=\"600\" href=\"https:\/\/torrebonavista.com\/wp-content\/uploads\/2018\/12\/n\u00ba-8-600x600.jpg\"><span data-alt=\"\"><\/span><\/a><\/div><div class=\"rsContent\"><a class=\"rsImg\" data-rsw=\"600\" data-rsh=\"600\" href=\"https:\/\/torrebonavista.com\/wp-content\/uploads\/2018\/12\/n\u00ba-9-600x600.jpg\"><span data-alt=\"\"><\/span><\/a><\/div><div class=\"rsContent\"><a class=\"rsImg\" data-rsw=\"600\" data-rsh=\"600\" href=\"https:\/\/torrebonavista.com\/wp-content\/uploads\/2018\/12\/n\u00ba-13-600x600.jpg\"><span data-alt=\"\"><\/span><\/a><\/div><div class=\"rsContent\"><a class=\"rsImg\" data-rsw=\"600\" data-rsh=\"600\" href=\"https:\/\/torrebonavista.com\/wp-content\/uploads\/2018\/12\/n\u00ba-14-600x600.jpg\"><span data-alt=\"\"><\/span><\/a><\/div><\/div><img decoding=\"async\" src=\"https:\/\/torrebonavista.com\/wp-content\/uploads\/2016\/09\/DSC_0060-600x600.jpg\" width=\"600\" height=\"600\" alt loading=\"lazy\"><\/div><div class=\"w-slider-json\" onclick='return {&quot;autoScaleSlider&quot;:true,&quot;loop&quot;:true,&quot;fadeInLoadedSlide&quot;:false,&quot;slidesSpacing&quot;:0,&quot;imageScalePadding&quot;:0,&quot;numImagesToPreload&quot;:2,&quot;arrowsNav&quot;:false,&quot;arrowsNavAutoHide&quot;:false,&quot;transitionType&quot;:&quot;fade&quot;,&quot;transitionSpeed&quot;:250,&quot;block&quot;:{&quot;moveEffect&quot;:&quot;none&quot;,&quot;speed&quot;:300},&quot;thumbs&quot;:{&quot;fitInViewport&quot;:false},&quot;controlNavigation&quot;:&quot;none&quot;,&quot;autoplay&quot;:{&quot;enabled&quot;:true,&quot;pauseOnHover&quot;:true,&quot;delay&quot;:2500},&quot;imageScaleMode&quot;:&quot;fill&quot;,&quot;autoScaleSliderWidth&quot;:600,&quot;autoScaleSliderHeight&quot;:600}'><\/div><\/div><\/div><\/div><\/div><\/div><\/div><\/section><section class=\"l-section wpb_row height_small\"><div class=\"l-section-h i-cf\"><div class=\"g-cols vc_row via_flex valign_top type_default stacking_default\"><div class=\"vc_col-sm-6 wpb_column vc_column_container\"><div class=\"vc_column-inner\"><div class=\"wpb_wrapper\"><div class=\"wpb_text_column\"><div class=\"wpb_wrapper\"><h4>Exterior amb jard\u00ed, barbacoa, piscina, porxo cobert i parking:<\/h4>\n<ul>\n<li>Piscina amb \u00e0rea de sol\u00e0rium.<\/li>\n<li>Espai privat d&#8217;esbarjo a l&#8217;exterior amb jard\u00ed i arbreda, barbacoa, taula, cadires i porxo cobert, des d&#8217;on podr\u00e0s gaudir de la\u00a0intimitat\u00a0del jard\u00ed de la casa mentre menges a l&#8217;aire lliure.<\/li>\n<li>Parking privat exterior.<\/li>\n<\/ul>\n<\/div><\/div><div class=\"w-separator size_medium\"><\/div><div class=\"wpb_text_column\"><div class=\"wpb_wrapper\"><p>La\u00a0<strong>Torre Bona Vista<\/strong>\u00a0t\u00e9 calefacci\u00f3 a totes dues plantes i disposa d\u2019aigua calenta i tots els estris\u00a0necessaris\u00a0per a la vida quotidiana.<\/p>\n<h4>Allotjament de lloguer\u00a0complet disponible durant tot\u00a0l&#8217;any<\/h4>\n<ul>\n<li><strong>Torre Bona Vista<\/strong>\u00a0es una\u00a0<strong>casa rural del Vall\u00e8s Oriental, Barcelona<\/strong>\u00a0que est\u00e0 disponible per al\u00a0seu lloguer\u00a0durant tot l&#8217;any.<\/li>\n<\/ul>\n<\/div><\/div><\/div><\/div><\/div><div class=\"vc_col-sm-6 wpb_column vc_column_container\"><div class=\"vc_column-inner\"><div class=\"wpb_wrapper\"><div class=\"w-slider style_none fit_cover\"><div class=\"w-slider-h\"><div class=\"royalSlider\"><div class=\"rsContent\"><a class=\"rsImg\" data-rsw=\"600\" data-rsh=\"600\" href=\"https:\/\/torrebonavista.com\/wp-content\/uploads\/2016\/07\/IMG_1058-600x600.jpg\"><span data-alt=\"\"><\/span><\/a><\/div><div class=\"rsContent\"><a class=\"rsImg\" data-rsw=\"600\" data-rsh=\"600\" href=\"https:\/\/torrebonavista.com\/wp-content\/uploads\/2016\/09\/piscina-600x600.jpg\"><span data-alt=\"\"><\/span><\/a><\/div><div class=\"rsContent\"><a class=\"rsImg\" data-rsw=\"600\" data-rsh=\"600\" href=\"https:\/\/torrebonavista.com\/wp-content\/uploads\/2016\/07\/IMG_2198-600x600.jpg\"><span data-alt=\"\"><\/span><\/a><\/div><div class=\"rsContent\"><a class=\"rsImg\" data-rsw=\"600\" data-rsh=\"600\" href=\"https:\/\/torrebonavista.com\/wp-content\/uploads\/2016\/07\/IMG_1051-600x600.jpg\"><span data-alt=\"\"><\/span><\/a><\/div><div class=\"rsContent\"><a class=\"rsImg\" data-rsw=\"600\" data-rsh=\"600\" href=\"https:\/\/torrebonavista.com\/wp-content\/uploads\/2016\/07\/IMG_2199-600x600.jpg\"><span data-alt=\"\"><\/span><\/a><\/div><div class=\"rsContent\"><a class=\"rsImg\" data-rsw=\"600\" data-rsh=\"600\" href=\"https:\/\/torrebonavista.com\/wp-content\/uploads\/2016\/09\/DSC_0073-600x600.jpg\"><span data-alt=\"\"><\/span><\/a><\/div><div class=\"rsContent\"><a class=\"rsImg\" data-rsw=\"600\" data-rsh=\"480\" href=\"https:\/\/torrebonavista.com\/wp-content\/uploads\/2016\/07\/20121209_141148-600x480.jpg\"><span data-alt=\"\"><\/span><\/a><\/div><div class=\"rsContent\"><a class=\"rsImg\" data-rsw=\"600\" data-rsh=\"600\" href=\"https:\/\/torrebonavista.com\/wp-content\/uploads\/2016\/09\/IMG_0428-600x600.jpg\"><span data-alt=\"\"><\/span><\/a><\/div><div class=\"rsContent\"><a class=\"rsImg\" data-rsw=\"600\" data-rsh=\"600\" href=\"https:\/\/torrebonavista.com\/wp-content\/uploads\/2017\/07\/barbacoa-e1501505066490-600x600.jpg\"><span data-alt=\"\"><\/span><\/a><\/div><div class=\"rsContent\"><a class=\"rsImg\" data-rsw=\"600\" data-rsh=\"480\" href=\"https:\/\/torrebonavista.com\/wp-content\/uploads\/2016\/09\/CIMG0071-600x480.jpg\"><span data-alt=\"\"><\/span><\/a><\/div><div class=\"rsContent\"><a class=\"rsImg\" data-rsw=\"600\" data-rsh=\"480\" href=\"https:\/\/torrebonavista.com\/wp-content\/uploads\/2016\/09\/CIMG1567-600x480.jpg\"><span data-alt=\"\"><\/span><\/a><\/div><div class=\"rsContent\"><a class=\"rsImg\" data-rsw=\"600\" data-rsh=\"600\" href=\"https:\/\/torrebonavista.com\/wp-content\/uploads\/2016\/09\/IMG_0423-e1474910214327-600x600.jpg\"><span data-alt=\"\"><\/span><\/a><\/div><div class=\"rsContent\"><a class=\"rsImg\" data-rsw=\"600\" data-rsh=\"600\" href=\"https:\/\/torrebonavista.com\/wp-content\/uploads\/2016\/09\/DSC_0074-600x600.jpg\"><span data-alt=\"\"><\/span><\/a><\/div><div class=\"rsContent\"><a class=\"rsImg\" data-rsw=\"600\" data-rsh=\"600\" href=\"https:\/\/torrebonavista.com\/wp-content\/uploads\/2016\/09\/IMG_1059-600x600.jpg\"><span data-alt=\"\"><\/span><\/a><\/div><div class=\"rsContent\"><a class=\"rsImg\" data-rsw=\"600\" data-rsh=\"600\" href=\"https:\/\/torrebonavista.com\/wp-content\/uploads\/2016\/09\/IMG_1099-600x600.jpg\"><span data-alt=\"\"><\/span><\/a><\/div><div class=\"rsContent\"><a class=\"rsImg\" data-rsw=\"600\" data-rsh=\"600\" href=\"https:\/\/torrebonavista.com\/wp-content\/uploads\/2016\/07\/IMG_1062-600x600.jpg\"><span data-alt=\"\"><\/span><\/a><\/div><\/div><img decoding=\"async\" src=\"https:\/\/torrebonavista.com\/wp-content\/uploads\/2016\/07\/IMG_1058-600x600.jpg\" width=\"600\" height=\"600\" alt loading=\"lazy\"><\/div><div class=\"w-slider-json\" onclick='return {&quot;autoScaleSlider&quot;:true,&quot;loop&quot;:true,&quot;fadeInLoadedSlide&quot;:false,&quot;slidesSpacing&quot;:0,&quot;imageScalePadding&quot;:0,&quot;numImagesToPreload&quot;:2,&quot;arrowsNav&quot;:false,&quot;arrowsNavAutoHide&quot;:false,&quot;transitionType&quot;:&quot;fade&quot;,&quot;transitionSpeed&quot;:250,&quot;block&quot;:{&quot;moveEffect&quot;:&quot;none&quot;,&quot;speed&quot;:300},&quot;thumbs&quot;:{&quot;fitInViewport&quot;:false},&quot;controlNavigation&quot;:&quot;none&quot;,&quot;autoplay&quot;:{&quot;enabled&quot;:true,&quot;pauseOnHover&quot;:true,&quot;delay&quot;:2500},&quot;imageScaleMode&quot;:&quot;fill&quot;,&quot;autoScaleSliderWidth&quot;:600,&quot;autoScaleSliderHeight&quot;:600}'><\/div><\/div><\/div><\/div><\/div><\/div><\/div><\/section>","protected":false},"excerpt":{"rendered":"La Torre La\u00a0Torre Bona Vista\u00a0est\u00e0 situada en un dels indrets\u00a0m\u00e9s bonics de la comarca del Vall\u00e8s Oriental, molt\u00a0a prop del\u00a0Parc Natural del Montseny. Es troba en un barri rural de Lli\u00e7\u00e0 d&#8217;Amunt, molt a prop de Granollers i tamb\u00e9 de Barcelona,\u00a0a un pas de\u00a0diverses\u00a0activitats tur\u00edstiques. Un lloc\u00a0encantador ideal per gaudir\u00a0d&#8217;uns dies de descans, per\u00f2\u00a0que tamb\u00e9...","protected":false},"author":4,"featured_media":0,"parent":0,"menu_order":2,"comment_status":"closed","ping_status":"closed","template":"","meta":{"footnotes":""},"class_list":["post-146","page","type-page","status-publish","hentry"],"yoast_head":"<!-- This site is optimized with the Yoast SEO plugin v27.4 - https:\/\/yoast.com\/product\/yoast-seo-wordpress\/ -->\n<title>La Torre | Torre Bona Vista | Turisme rural a prop de Barcelona<\/title>\n<meta name=\"robots\" content=\"index, follow, max-snippet:-1, max-image-preview:large, max-video-preview:-1\" \/>\n<link rel=\"canonical\" href=\"https:\/\/torrebonavista.com\/ca\/la-torre\/\" \/>\n<meta property=\"og:locale\" content=\"ca_ES\" \/>\n<meta property=\"og:type\" content=\"article\" \/>\n<meta property=\"og:title\" content=\"La Torre | Torre Bona Vista | Turisme rural a prop de Barcelona\" \/>\n<meta property=\"og:url\" content=\"https:\/\/torrebonavista.com\/ca\/la-torre\/\" \/>\n<meta property=\"og:site_name\" content=\"Torre Bona Vista\" \/>\n<meta property=\"article:publisher\" content=\"https:\/\/www.facebook.com\/Torrebonavista\/\" \/>\n<meta property=\"article:modified_time\" content=\"2018-12-21T08:58:18+00:00\" \/>\n<meta property=\"og:image\" content=\"https:\/\/torrebonavista.com\/wp-content\/uploads\/2016\/07\/logo_TorreBonaVista_negre.png\" \/>\n\t<meta property=\"og:image:width\" content=\"1000\" \/>\n\t<meta property=\"og:image:height\" content=\"223\" \/>\n\t<meta property=\"og:image:type\" content=\"image\/png\" \/>\n<meta name=\"twitter:card\" content=\"summary_large_image\" \/>\n<meta name=\"twitter:label1\" content=\"Temps estimat de lectura\" \/>\n\t<meta name=\"twitter:data1\" content=\"8 minuts\" \/>\n<script type=\"application\/ld+json\" class=\"yoast-schema-graph\">{\"@context\":\"https:\\\/\\\/schema.org\",\"@graph\":[{\"@type\":\"WebPage\",\"@id\":\"https:\\\/\\\/torrebonavista.com\\\/ca\\\/la-torre\\\/\",\"url\":\"https:\\\/\\\/torrebonavista.com\\\/ca\\\/la-torre\\\/\",\"name\":\"La Torre | Torre Bona Vista | Turisme rural a prop de Barcelona\",\"isPartOf\":{\"@id\":\"https:\\\/\\\/torrebonavista.com\\\/ca\\\/#website\"},\"datePublished\":\"2016-09-23T06:32:28+00:00\",\"dateModified\":\"2018-12-21T08:58:18+00:00\",\"breadcrumb\":{\"@id\":\"https:\\\/\\\/torrebonavista.com\\\/ca\\\/la-torre\\\/#breadcrumb\"},\"inLanguage\":\"ca\",\"potentialAction\":[{\"@type\":\"ReadAction\",\"target\":[[\"https:\\\/\\\/torrebonavista.com\\\/ca\\\/la-torre\\\/\"]]}]},{\"@type\":\"BreadcrumbList\",\"@id\":\"https:\\\/\\\/torrebonavista.com\\\/ca\\\/la-torre\\\/#breadcrumb\",\"itemListElement\":[{\"@type\":\"ListItem\",\"position\":1,\"name\":\"Portada\",\"item\":\"https:\\\/\\\/torrebonavista.com\\\/ca\\\/\"},{\"@type\":\"ListItem\",\"position\":2,\"name\":\"La Torre\"}]},{\"@type\":\"WebSite\",\"@id\":\"https:\\\/\\\/torrebonavista.com\\\/ca\\\/#website\",\"url\":\"https:\\\/\\\/torrebonavista.com\\\/ca\\\/\",\"name\":\"Torre Bona Vista\",\"description\":\"Turisme rural a prop de Barcelona\",\"publisher\":{\"@id\":\"https:\\\/\\\/torrebonavista.com\\\/ca\\\/#organization\"},\"alternateName\":\"Torre Bona Vista\",\"potentialAction\":[{\"@type\":\"SearchAction\",\"target\":{\"@type\":\"EntryPoint\",\"urlTemplate\":\"https:\\\/\\\/torrebonavista.com\\\/ca\\\/?s={search_term_string}\"},\"query-input\":{\"@type\":\"PropertyValueSpecification\",\"valueRequired\":true,\"valueName\":\"search_term_string\"}}],\"inLanguage\":\"ca\"},{\"@type\":\"Organization\",\"@id\":\"https:\\\/\\\/torrebonavista.com\\\/ca\\\/#organization\",\"name\":\"Torre Bona Vista\",\"alternateName\":\"Torre Bona Vista\",\"url\":\"https:\\\/\\\/torrebonavista.com\\\/ca\\\/\",\"logo\":{\"@type\":\"ImageObject\",\"inLanguage\":\"ca\",\"@id\":\"https:\\\/\\\/torrebonavista.com\\\/ca\\\/#\\\/schema\\\/logo\\\/image\\\/\",\"url\":\"http:\\\/\\\/torrebonavista.com\\\/wp-content\\\/uploads\\\/2016\\\/07\\\/favicon.png\",\"contentUrl\":\"http:\\\/\\\/torrebonavista.com\\\/wp-content\\\/uploads\\\/2016\\\/07\\\/favicon.png\",\"width\":180,\"height\":180,\"caption\":\"Torre Bona Vista\"},\"image\":{\"@id\":\"https:\\\/\\\/torrebonavista.com\\\/ca\\\/#\\\/schema\\\/logo\\\/image\\\/\"},\"sameAs\":[\"https:\\\/\\\/www.facebook.com\\\/Torrebonavista\\\/\",\"https:\\\/\\\/www.instagram.com\\\/torre_bona_vista\"]}]}<\/script>\n<!-- \/ Yoast SEO plugin. -->","yoast_head_json":{"title":"La Torre | Torre Bona Vista | Turisme rural a prop de Barcelona","robots":{"index":"index","follow":"follow","max-snippet":"max-snippet:-1","max-image-preview":"max-image-preview:large","max-video-preview":"max-video-preview:-1"},"canonical":"https:\/\/torrebonavista.com\/ca\/la-torre\/","og_locale":"ca_ES","og_type":"article","og_title":"La Torre | Torre Bona Vista | Turisme rural a prop de Barcelona","og_url":"https:\/\/torrebonavista.com\/ca\/la-torre\/","og_site_name":"Torre Bona Vista","article_publisher":"https:\/\/www.facebook.com\/Torrebonavista\/","article_modified_time":"2018-12-21T08:58:18+00:00","og_image":[{"width":1000,"height":223,"url":"https:\/\/torrebonavista.com\/wp-content\/uploads\/2016\/07\/logo_TorreBonaVista_negre.png","type":"image\/png"}],"twitter_card":"summary_large_image","twitter_misc":{"Temps estimat de lectura":"8 minuts"},"schema":{"@context":"https:\/\/schema.org","@graph":[{"@type":"WebPage","@id":"https:\/\/torrebonavista.com\/ca\/la-torre\/","url":"https:\/\/torrebonavista.com\/ca\/la-torre\/","name":"La Torre | Torre Bona Vista | Turisme rural a prop de Barcelona","isPartOf":{"@id":"https:\/\/torrebonavista.com\/ca\/#website"},"datePublished":"2016-09-23T06:32:28+00:00","dateModified":"2018-12-21T08:58:18+00:00","breadcrumb":{"@id":"https:\/\/torrebonavista.com\/ca\/la-torre\/#breadcrumb"},"inLanguage":"ca","potentialAction":[{"@type":"ReadAction","target":[["https:\/\/torrebonavista.com\/ca\/la-torre\/"]]}]},{"@type":"BreadcrumbList","@id":"https:\/\/torrebonavista.com\/ca\/la-torre\/#breadcrumb","itemListElement":[{"@type":"ListItem","position":1,"name":"Portada","item":"https:\/\/torrebonavista.com\/ca\/"},{"@type":"ListItem","position":2,"name":"La Torre"}]},{"@type":"WebSite","@id":"https:\/\/torrebonavista.com\/ca\/#website","url":"https:\/\/torrebonavista.com\/ca\/","name":"Torre Bona Vista","description":"Turisme rural a prop de Barcelona","publisher":{"@id":"https:\/\/torrebonavista.com\/ca\/#organization"},"alternateName":"Torre Bona Vista","potentialAction":[{"@type":"SearchAction","target":{"@type":"EntryPoint","urlTemplate":"https:\/\/torrebonavista.com\/ca\/?s={search_term_string}"},"query-input":{"@type":"PropertyValueSpecification","valueRequired":true,"valueName":"search_term_string"}}],"inLanguage":"ca"},{"@type":"Organization","@id":"https:\/\/torrebonavista.com\/ca\/#organization","name":"Torre Bona Vista","alternateName":"Torre Bona Vista","url":"https:\/\/torrebonavista.com\/ca\/","logo":{"@type":"ImageObject","inLanguage":"ca","@id":"https:\/\/torrebonavista.com\/ca\/#\/schema\/logo\/image\/","url":"http:\/\/torrebonavista.com\/wp-content\/uploads\/2016\/07\/favicon.png","contentUrl":"http:\/\/torrebonavista.com\/wp-content\/uploads\/2016\/07\/favicon.png","width":180,"height":180,"caption":"Torre Bona Vista"},"image":{"@id":"https:\/\/torrebonavista.com\/ca\/#\/schema\/logo\/image\/"},"sameAs":["https:\/\/www.facebook.com\/Torrebonavista\/","https:\/\/www.instagram.com\/torre_bona_vista"]}]}},"_links":{"self":[{"href":"https:\/\/torrebonavista.com\/ca\/wp-json\/wp\/v2\/pages\/146","targetHints":{"allow":["GET"]}}],"collection":[{"href":"https:\/\/torrebonavista.com\/ca\/wp-json\/wp\/v2\/pages"}],"about":[{"href":"https:\/\/torrebonavista.com\/ca\/wp-json\/wp\/v2\/types\/page"}],"author":[{"embeddable":true,"href":"https:\/\/torrebonavista.com\/ca\/wp-json\/wp\/v2\/users\/4"}],"replies":[{"embeddable":true,"href":"https:\/\/torrebonavista.com\/ca\/wp-json\/wp\/v2\/comments?post=146"}],"version-history":[{"count":41,"href":"https:\/\/torrebonavista.com\/ca\/wp-json\/wp\/v2\/pages\/146\/revisions"}],"predecessor-version":[{"id":531,"href":"https:\/\/torrebonavista.com\/ca\/wp-json\/wp\/v2\/pages\/146\/revisions\/531"}],"wp:attachment":[{"href":"https:\/\/torrebonavista.com\/ca\/wp-json\/wp\/v2\/media?parent=146"}],"curies":[{"name":"wp","href":"https:\/\/api.w.org\/{rel}","templated":true}]}}